{"id":772,"date":"2024-09-10T11:23:52","date_gmt":"2024-09-10T11:23:52","guid":{"rendered":"https:\/\/voh-kultour.de\/fotokniha\/"},"modified":"2025-04-11T12:24:25","modified_gmt":"2025-04-11T12:24:25","slug":"fotokniha","status":"publish","type":"page","link":"https:\/\/voh-kultour.de\/cs\/fotokniha\/","title":{"rendered":"Fotokniha"},"content":{"rendered":"\t\t<div data-elementor-type=\"wp-page\" data-elementor-id=\"772\" class=\"elementor elementor-772 elementor-536\" data-elementor-post-type=\"page\">\n\t\t\t\t<div class=\"elementor-element elementor-element-9718b3c e-flex e-con-boxed e-con e-parent\" data-id=\"9718b3c\" data-element_type=\"container\" data-e-type=\"container\">\n\t\t\t\t\t<div class=\"e-con-inner\">\n\t\t\t\t<div class=\"elementor-element elementor-element-794409f elementor-widget elementor-widget-image\" data-id=\"794409f\" data-element_type=\"widget\" data-e-type=\"widget\" data-widget_type=\"image.default\">\n\t\t\t\t<div class=\"elementor-widget-container\">\n\t\t\t\t\t\t\t\t\t\t\t\t\t\t\t<img fetchpriority=\"high\" decoding=\"async\" width=\"800\" height=\"355\" src=\"https:\/\/voh-kultour.de\/wp-content\/uploads\/2024\/09\/mockup_Buch2-1024x455.webp\" class=\"attachment-large size-large wp-image-751\" alt=\"\" srcset=\"https:\/\/voh-kultour.de\/wp-content\/uploads\/2024\/09\/mockup_Buch2-1024x455.webp 1024w, https:\/\/voh-kultour.de\/wp-content\/uploads\/2024\/09\/mockup_Buch2-300x133.webp 300w, https:\/\/voh-kultour.de\/wp-content\/uploads\/2024\/09\/mockup_Buch2-768x342.webp 768w, https:\/\/voh-kultour.de\/wp-content\/uploads\/2024\/09\/mockup_Buch2-1536x683.webp 1536w, https:\/\/voh-kultour.de\/wp-content\/uploads\/2024\/09\/mockup_Buch2.webp 1920w\" sizes=\"(max-width: 800px) 100vw, 800px\" \/>\t\t\t\t\t\t\t\t\t\t\t\t\t\t\t<\/div>\n\t\t\t\t<\/div>\n\t\t\t\t\t<\/div>\n\t\t\t\t<\/div>\n\t\t<div class=\"elementor-element elementor-element-f6d1278 e-flex e-con-boxed e-con e-parent\" data-id=\"f6d1278\" data-element_type=\"container\" data-e-type=\"container\">\n\t\t\t\t\t<div class=\"e-con-inner\">\n\t\t<div class=\"elementor-element elementor-element-be26b76 e-con-full e-flex e-con e-child\" data-id=\"be26b76\" data-element_type=\"container\" data-e-type=\"container\">\n\t\t\t\t<div class=\"elementor-element elementor-element-cc9cb70 elementor-widget elementor-widget-heading\" data-id=\"cc9cb70\" data-element_type=\"widget\" data-e-type=\"widget\" data-widget_type=\"heading.default\">\n\t\t\t\t<div class=\"elementor-widget-container\">\n\t\t\t\t\t<h1 class=\"elementor-heading-title elementor-size-default\">Nov\u00e1 v\u00fdro\u010dn\u00ed fotokniha\n\n<\/h1>\t\t\t\t<\/div>\n\t\t\t\t<\/div>\n\t\t\t\t<div class=\"elementor-element elementor-element-c562b36 elementor-widget elementor-widget-heading\" data-id=\"c562b36\" data-element_type=\"widget\" data-e-type=\"widget\" data-widget_type=\"heading.default\">\n\t\t\t\t<div class=\"elementor-widget-container\">\n\t\t\t\t\t<h2 class=\"elementor-heading-title elementor-size-default\">M\u011bsto Vohenstrau\u00df<\/h2>\t\t\t\t<\/div>\n\t\t\t\t<\/div>\n\t\t\t\t<div class=\"elementor-element elementor-element-a7ccb55 elementor-widget elementor-widget-spacer\" data-id=\"a7ccb55\" data-element_type=\"widget\" data-e-type=\"widget\" data-widget_type=\"spacer.default\">\n\t\t\t\t<div class=\"elementor-widget-container\">\n\t\t\t\t\t\t\t<div class=\"elementor-spacer\">\n\t\t\t<div class=\"elementor-spacer-inner\"><\/div>\n\t\t<\/div>\n\t\t\t\t\t\t<\/div>\n\t\t\t\t<\/div>\n\t\t\t\t<div class=\"elementor-element elementor-element-f9044d3 elementor-widget__width-initial elementor-widget elementor-widget-text-editor\" data-id=\"f9044d3\" data-element_type=\"widget\" data-e-type=\"widget\" data-widget_type=\"text-editor.default\">\n\t\t\t\t<div class=\"elementor-widget-container\">\n\t\t\t\t\t\t\t\t\t<p>U p\u0159\u00edle\u017eitosti v\u00fdro\u010d\u00ed<strong>&#8222;900 let m\u011bsta Vohenstrau\u00df<\/strong>&#8220; p\u0159edstavuje m\u011bsto novou jubilejn\u00ed fotografickou knihu, kter\u00e1 nab\u00edz\u00ed jedine\u010dn\u00fd pohled do historie m\u011bsta Vohenstrau\u00df. <span style=\"text-align: var(--text-align);\">Poznejte Vohenstrau\u00df od zem\u011bd\u011blsk\u00e9 obce a\u017e po st\u0159edn\u011b velk\u00e9 m\u011bstsk\u00e9 centrum a prohl\u00e9dn\u011bte si r\u016fzn\u00e9 budovy a ulice v pr\u016fb\u011bhu v\u011bk\u016f.<\/span><\/p><p>D\u00edky vybran\u00fdm sn\u00edmk\u016fm z m\u011bstsk\u00e9ho archivu a nasazen\u00ed odborn\u00e9ho t\u00fdmu vznikla sb\u00edrka, kter\u00e1 dokumentuje r\u016fzn\u00fd v\u00fdvoj m\u011bsta Vohenstrau\u00df.<br><span style=\"text-align: var(--text-align);\">Ka\u017ed\u00fd sn\u00edmek vypr\u00e1v\u00ed sv\u016fj vlastn\u00ed p\u0159\u00edb\u011bh a zachycuje zm\u011bny a pokrok v pr\u016fb\u011bhu let.<\/span><\/p><p>V\u00fdro\u010dn\u00ed fotografick\u00e1 kniha je k dost\u00e1n\u00ed za 19,90 EUR v <strong>m\u011bstsk\u00e9 pokladn\u011b Vohenstrau\u00df<\/strong> a v <strong>knihkupectv\u00ed Rupprecht<\/strong>.<\/p>\t\t\t\t\t\t\t\t<\/div>\n\t\t\t\t<\/div>\n\t\t\t\t<\/div>\n\t\t\t\t\t<\/div>\n\t\t\t\t<\/div>\n\t\t\t\t<\/div>\n\t\t","protected":false},"excerpt":{"rendered":"<p>Nov\u00e1 v\u00fdro\u010dn\u00ed fotokniha M\u011bsto Vohenstrau\u00df U p\u0159\u00edle\u017eitosti v\u00fdro\u010d\u00ed&#8222;900 let m\u011bsta Vohenstrau\u00df&#8220; p\u0159edstavuje m\u011bsto novou jubilejn\u00ed fotografickou knihu, kter\u00e1 nab\u00edz\u00ed jedine\u010dn\u00fd pohled do historie m\u011bsta Vohenstrau\u00df. Poznejte Vohenstrau\u00df od zem\u011bd\u011blsk\u00e9 obce a\u017e po st\u0159edn\u011b velk\u00e9 m\u011bstsk\u00e9 centrum a prohl\u00e9dn\u011bte si r\u016fzn\u00e9 budovy a ulice v pr\u016fb\u011bhu v\u011bk\u016f. D\u00edky vybran\u00fdm sn\u00edmk\u016fm z m\u011bstsk\u00e9ho archivu a nasazen\u00ed odborn\u00e9ho [&hellip;]<\/p>\n","protected":false},"author":1,"featured_media":0,"parent":0,"menu_order":0,"comment_status":"closed","ping_status":"closed","template":"","meta":{"_acf_changed":false,"footnotes":""},"class_list":["post-772","page","type-page","status-publish","hentry"],"acf":[],"yoast_head":"<!-- This site is optimized with the Yoast SEO plugin v27.2 - https:\/\/yoast.com\/product\/yoast-seo-wordpress\/ -->\n<title>Vohenstrau\u00df Kultour - Fotokniha<\/title>\n<meta name=\"robots\" content=\"index, follow, max-snippet:-1, max-image-preview:large, max-video-preview:-1\" \/>\n<link rel=\"canonical\" href=\"https:\/\/voh-kultour.de\/cs\/fotokniha\/\" \/>\n<meta property=\"og:locale\" content=\"cs_CZ\" \/>\n<meta property=\"og:type\" content=\"article\" \/>\n<meta property=\"og:title\" content=\"Vohenstrau\u00df Kultour - Fotokniha\" \/>\n<meta property=\"og:description\" content=\"Nov\u00e1 v\u00fdro\u010dn\u00ed fotokniha M\u011bsto Vohenstrau\u00df U p\u0159\u00edle\u017eitosti v\u00fdro\u010d\u00ed&#8222;900 let m\u011bsta Vohenstrau\u00df&#8220; p\u0159edstavuje m\u011bsto novou jubilejn\u00ed fotografickou knihu, kter\u00e1 nab\u00edz\u00ed jedine\u010dn\u00fd pohled do historie m\u011bsta Vohenstrau\u00df. Poznejte Vohenstrau\u00df od zem\u011bd\u011blsk\u00e9 obce a\u017e po st\u0159edn\u011b velk\u00e9 m\u011bstsk\u00e9 centrum a prohl\u00e9dn\u011bte si r\u016fzn\u00e9 budovy a ulice v pr\u016fb\u011bhu v\u011bk\u016f. D\u00edky vybran\u00fdm sn\u00edmk\u016fm z m\u011bstsk\u00e9ho archivu a nasazen\u00ed odborn\u00e9ho [&hellip;]\" \/>\n<meta property=\"og:url\" content=\"https:\/\/voh-kultour.de\/cs\/fotokniha\/\" \/>\n<meta property=\"og:site_name\" content=\"Vohenstrau\u00df Kultour\" \/>\n<meta property=\"article:modified_time\" content=\"2025-04-11T12:24:25+00:00\" \/>\n<meta property=\"og:image\" content=\"https:\/\/voh-kultour.de\/wp-content\/uploads\/2024\/09\/mockup_Buch2-1024x455.webp\" \/>\n<meta name=\"twitter:card\" content=\"summary_large_image\" \/>\n<meta name=\"twitter:label1\" content=\"Odhadovan\u00e1 doba \u010dten\u00ed\" \/>\n\t<meta name=\"twitter:data1\" content=\"1 minuta\" \/>\n<script type=\"application\/ld+json\" class=\"yoast-schema-graph\">{\"@context\":\"https:\/\/schema.org\",\"@graph\":[{\"@type\":\"WebPage\",\"@id\":\"https:\/\/voh-kultour.de\/cs\/fotokniha\/\",\"url\":\"https:\/\/voh-kultour.de\/cs\/fotokniha\/\",\"name\":\"Vohenstrau\u00df Kultour - Fotokniha\",\"isPartOf\":{\"@id\":\"https:\/\/voh-kultour.de\/cs\/#website\"},\"primaryImageOfPage\":{\"@id\":\"https:\/\/voh-kultour.de\/cs\/fotokniha\/#primaryimage\"},\"image\":{\"@id\":\"https:\/\/voh-kultour.de\/cs\/fotokniha\/#primaryimage\"},\"thumbnailUrl\":\"https:\/\/voh-kultour.de\/wp-content\/uploads\/2024\/09\/mockup_Buch2-1024x455.webp\",\"datePublished\":\"2024-09-10T11:23:52+00:00\",\"dateModified\":\"2025-04-11T12:24:25+00:00\",\"breadcrumb\":{\"@id\":\"https:\/\/voh-kultour.de\/cs\/fotokniha\/#breadcrumb\"},\"inLanguage\":\"cs\",\"potentialAction\":[{\"@type\":\"ReadAction\",\"target\":[\"https:\/\/voh-kultour.de\/cs\/fotokniha\/\"]}]},{\"@type\":\"ImageObject\",\"inLanguage\":\"cs\",\"@id\":\"https:\/\/voh-kultour.de\/cs\/fotokniha\/#primaryimage\",\"url\":\"https:\/\/voh-kultour.de\/wp-content\/uploads\/2024\/09\/mockup_Buch2-1024x455.webp\",\"contentUrl\":\"https:\/\/voh-kultour.de\/wp-content\/uploads\/2024\/09\/mockup_Buch2-1024x455.webp\"},{\"@type\":\"BreadcrumbList\",\"@id\":\"https:\/\/voh-kultour.de\/cs\/fotokniha\/#breadcrumb\",\"itemListElement\":[{\"@type\":\"ListItem\",\"position\":1,\"name\":\"Domovsk\u00e1 str\u00e1nka\",\"item\":\"https:\/\/voh-kultour.de\/cs\/\"},{\"@type\":\"ListItem\",\"position\":2,\"name\":\"Fotokniha\"}]},{\"@type\":\"WebSite\",\"@id\":\"https:\/\/voh-kultour.de\/cs\/#website\",\"url\":\"https:\/\/voh-kultour.de\/cs\/\",\"name\":\"Vohenstrau\u00df Kultour\",\"description\":\"\",\"publisher\":{\"@id\":\"https:\/\/voh-kultour.de\/cs\/#organization\"},\"potentialAction\":[{\"@type\":\"SearchAction\",\"target\":{\"@type\":\"EntryPoint\",\"urlTemplate\":\"https:\/\/voh-kultour.de\/cs\/?s={search_term_string}\"},\"query-input\":{\"@type\":\"PropertyValueSpecification\",\"valueRequired\":true,\"valueName\":\"search_term_string\"}}],\"inLanguage\":\"cs\"},{\"@type\":\"Organization\",\"@id\":\"https:\/\/voh-kultour.de\/cs\/#organization\",\"name\":\"Vohenstrau\u00df Kultour\",\"url\":\"https:\/\/voh-kultour.de\/cs\/\",\"logo\":{\"@type\":\"ImageObject\",\"inLanguage\":\"cs\",\"@id\":\"https:\/\/voh-kultour.de\/cs\/#\/schema\/logo\/image\/\",\"url\":\"https:\/\/voh-kultour.de\/wp-content\/uploads\/2024\/08\/logo_vohenstrauss.png\",\"contentUrl\":\"https:\/\/voh-kultour.de\/wp-content\/uploads\/2024\/08\/logo_vohenstrauss.png\",\"width\":358,\"height\":110,\"caption\":\"Vohenstrau\u00df Kultour\"},\"image\":{\"@id\":\"https:\/\/voh-kultour.de\/cs\/#\/schema\/logo\/image\/\"}}]}<\/script>\n<!-- \/ Yoast SEO plugin. -->","yoast_head_json":{"title":"Vohenstrau\u00df Kultour - Fotokniha","robots":{"index":"index","follow":"follow","max-snippet":"max-snippet:-1","max-image-preview":"max-image-preview:large","max-video-preview":"max-video-preview:-1"},"canonical":"https:\/\/voh-kultour.de\/cs\/fotokniha\/","og_locale":"cs_CZ","og_type":"article","og_title":"Vohenstrau\u00df Kultour - Fotokniha","og_description":"Nov\u00e1 v\u00fdro\u010dn\u00ed fotokniha M\u011bsto Vohenstrau\u00df U p\u0159\u00edle\u017eitosti v\u00fdro\u010d\u00ed&#8222;900 let m\u011bsta Vohenstrau\u00df&#8220; p\u0159edstavuje m\u011bsto novou jubilejn\u00ed fotografickou knihu, kter\u00e1 nab\u00edz\u00ed jedine\u010dn\u00fd pohled do historie m\u011bsta Vohenstrau\u00df. Poznejte Vohenstrau\u00df od zem\u011bd\u011blsk\u00e9 obce a\u017e po st\u0159edn\u011b velk\u00e9 m\u011bstsk\u00e9 centrum a prohl\u00e9dn\u011bte si r\u016fzn\u00e9 budovy a ulice v pr\u016fb\u011bhu v\u011bk\u016f. D\u00edky vybran\u00fdm sn\u00edmk\u016fm z m\u011bstsk\u00e9ho archivu a nasazen\u00ed odborn\u00e9ho [&hellip;]","og_url":"https:\/\/voh-kultour.de\/cs\/fotokniha\/","og_site_name":"Vohenstrau\u00df Kultour","article_modified_time":"2025-04-11T12:24:25+00:00","og_image":[{"url":"https:\/\/voh-kultour.de\/wp-content\/uploads\/2024\/09\/mockup_Buch2-1024x455.webp","type":"","width":"","height":""}],"twitter_card":"summary_large_image","twitter_misc":{"Odhadovan\u00e1 doba \u010dten\u00ed":"1 minuta"},"schema":{"@context":"https:\/\/schema.org","@graph":[{"@type":"WebPage","@id":"https:\/\/voh-kultour.de\/cs\/fotokniha\/","url":"https:\/\/voh-kultour.de\/cs\/fotokniha\/","name":"Vohenstrau\u00df Kultour - Fotokniha","isPartOf":{"@id":"https:\/\/voh-kultour.de\/cs\/#website"},"primaryImageOfPage":{"@id":"https:\/\/voh-kultour.de\/cs\/fotokniha\/#primaryimage"},"image":{"@id":"https:\/\/voh-kultour.de\/cs\/fotokniha\/#primaryimage"},"thumbnailUrl":"https:\/\/voh-kultour.de\/wp-content\/uploads\/2024\/09\/mockup_Buch2-1024x455.webp","datePublished":"2024-09-10T11:23:52+00:00","dateModified":"2025-04-11T12:24:25+00:00","breadcrumb":{"@id":"https:\/\/voh-kultour.de\/cs\/fotokniha\/#breadcrumb"},"inLanguage":"cs","potentialAction":[{"@type":"ReadAction","target":["https:\/\/voh-kultour.de\/cs\/fotokniha\/"]}]},{"@type":"ImageObject","inLanguage":"cs","@id":"https:\/\/voh-kultour.de\/cs\/fotokniha\/#primaryimage","url":"https:\/\/voh-kultour.de\/wp-content\/uploads\/2024\/09\/mockup_Buch2-1024x455.webp","contentUrl":"https:\/\/voh-kultour.de\/wp-content\/uploads\/2024\/09\/mockup_Buch2-1024x455.webp"},{"@type":"BreadcrumbList","@id":"https:\/\/voh-kultour.de\/cs\/fotokniha\/#breadcrumb","itemListElement":[{"@type":"ListItem","position":1,"name":"Domovsk\u00e1 str\u00e1nka","item":"https:\/\/voh-kultour.de\/cs\/"},{"@type":"ListItem","position":2,"name":"Fotokniha"}]},{"@type":"WebSite","@id":"https:\/\/voh-kultour.de\/cs\/#website","url":"https:\/\/voh-kultour.de\/cs\/","name":"Vohenstrau\u00df Kultour","description":"","publisher":{"@id":"https:\/\/voh-kultour.de\/cs\/#organization"},"potentialAction":[{"@type":"SearchAction","target":{"@type":"EntryPoint","urlTemplate":"https:\/\/voh-kultour.de\/cs\/?s={search_term_string}"},"query-input":{"@type":"PropertyValueSpecification","valueRequired":true,"valueName":"search_term_string"}}],"inLanguage":"cs"},{"@type":"Organization","@id":"https:\/\/voh-kultour.de\/cs\/#organization","name":"Vohenstrau\u00df Kultour","url":"https:\/\/voh-kultour.de\/cs\/","logo":{"@type":"ImageObject","inLanguage":"cs","@id":"https:\/\/voh-kultour.de\/cs\/#\/schema\/logo\/image\/","url":"https:\/\/voh-kultour.de\/wp-content\/uploads\/2024\/08\/logo_vohenstrauss.png","contentUrl":"https:\/\/voh-kultour.de\/wp-content\/uploads\/2024\/08\/logo_vohenstrauss.png","width":358,"height":110,"caption":"Vohenstrau\u00df Kultour"},"image":{"@id":"https:\/\/voh-kultour.de\/cs\/#\/schema\/logo\/image\/"}}]}},"_links":{"self":[{"href":"https:\/\/voh-kultour.de\/cs\/wp-json\/wp\/v2\/pages\/772","targetHints":{"allow":["GET"]}}],"collection":[{"href":"https:\/\/voh-kultour.de\/cs\/wp-json\/wp\/v2\/pages"}],"about":[{"href":"https:\/\/voh-kultour.de\/cs\/wp-json\/wp\/v2\/types\/page"}],"author":[{"embeddable":true,"href":"https:\/\/voh-kultour.de\/cs\/wp-json\/wp\/v2\/users\/1"}],"replies":[{"embeddable":true,"href":"https:\/\/voh-kultour.de\/cs\/wp-json\/wp\/v2\/comments?post=772"}],"version-history":[{"count":0,"href":"https:\/\/voh-kultour.de\/cs\/wp-json\/wp\/v2\/pages\/772\/revisions"}],"wp:attachment":[{"href":"https:\/\/voh-kultour.de\/cs\/wp-json\/wp\/v2\/media?parent=772"}],"curies":[{"name":"wp","href":"https:\/\/api.w.org\/{rel}","templated":true}]}}