{"id":798,"date":"2024-09-06T07:26:35","date_gmt":"2024-09-06T07:26:35","guid":{"rendered":"https:\/\/voh-kultour.de\/otisk\/"},"modified":"2025-04-11T12:24:29","modified_gmt":"2025-04-11T12:24:29","slug":"otisk","status":"publish","type":"page","link":"https:\/\/voh-kultour.de\/cs\/otisk\/","title":{"rendered":"Otisk"},"content":{"rendered":"\t\t<div data-elementor-type=\"wp-page\" data-elementor-id=\"798\" class=\"elementor elementor-798 elementor-413\" data-elementor-post-type=\"page\">\n\t\t\t\t<div class=\"elementor-element elementor-element-28d9337 e-flex e-con-boxed e-con e-parent\" data-id=\"28d9337\" data-element_type=\"container\" data-e-type=\"container\">\n\t\t\t\t\t<div class=\"e-con-inner\">\n\t\t<div class=\"elementor-element elementor-element-04062fb e-con-full e-flex e-con e-child\" data-id=\"04062fb\" data-element_type=\"container\" data-e-type=\"container\">\n\t\t\t\t<div class=\"elementor-element elementor-element-2dc9ea0 elementor-widget elementor-widget-heading\" data-id=\"2dc9ea0\" data-element_type=\"widget\" data-e-type=\"widget\" data-widget_type=\"heading.default\">\n\t\t\t\t<div class=\"elementor-widget-container\">\n\t\t\t\t\t<h1 class=\"elementor-heading-title elementor-size-default\">Otisk<\/h1>\t\t\t\t<\/div>\n\t\t\t\t<\/div>\n\t\t\t\t<div class=\"elementor-element elementor-element-c245d3c elementor-widget elementor-widget-spacer\" data-id=\"c245d3c\" data-element_type=\"widget\" data-e-type=\"widget\" data-widget_type=\"spacer.default\">\n\t\t\t\t<div class=\"elementor-widget-container\">\n\t\t\t\t\t\t\t<div class=\"elementor-spacer\">\n\t\t\t<div class=\"elementor-spacer-inner\"><\/div>\n\t\t<\/div>\n\t\t\t\t\t\t<\/div>\n\t\t\t\t<\/div>\n\t\t<div class=\"elementor-element elementor-element-3461c50 e-con-full e-flex e-con e-child\" data-id=\"3461c50\" data-element_type=\"container\" data-e-type=\"container\">\n\t\t<div class=\"elementor-element elementor-element-c1682b4 e-con-full e-flex e-con e-child\" data-id=\"c1682b4\" data-element_type=\"container\" data-e-type=\"container\">\n\t\t\t\t<div class=\"elementor-element elementor-element-fa2bd8c elementor-widget elementor-widget-text-editor\" data-id=\"fa2bd8c\" data-element_type=\"widget\" data-e-type=\"widget\" data-widget_type=\"text-editor.default\">\n\t\t\t\t<div class=\"elementor-widget-container\">\n\t\t\t\t\t\t\t\t\t<p><strong>Celkov\u00e1 odpov\u011bdnost:<\/strong><\/p><p>1. starosta<br>Andreas Wutzlhofer<br>Tel.: +49 9651 9222-22<br>Fax +49 9651 9222-41<br><a href=\"https:\/\/www.vohenstrauss.de\/rechtliches\/impressum#\" data-mailto-token=\"ocknvq,cywvbnjqhgtBxqjgpuvtcwuu0fg\" data-mailto-vector=\"2\">awutzlhofer@vohenstrauss.de<\/a><\/p>\t\t\t\t\t\t\t\t<\/div>\n\t\t\t\t<\/div>\n\t\t\t\t<\/div>\n\t\t<div class=\"elementor-element elementor-element-bbd1a84 e-con-full e-flex e-con e-child\" data-id=\"bbd1a84\" data-element_type=\"container\" data-e-type=\"container\">\n\t\t\t\t<div class=\"elementor-element elementor-element-0c41d0e elementor-widget elementor-widget-text-editor\" data-id=\"0c41d0e\" data-element_type=\"widget\" data-e-type=\"widget\" data-widget_type=\"text-editor.default\">\n\t\t\t\t<div class=\"elementor-widget-container\">\n\t\t\t\t\t\t\t\t\t<p><strong>Vztahy s ve\u0159ejnost\u00ed:<\/strong><\/p><p>Thomas Herrmann<br>Telefon: +49 9651 9222-21<br>Fax: +49 9651 9222-41<br><a href=\"https:\/\/www.vohenstrauss.de\/rechtliches\/impressum#\" data-mailto-token=\"ocknvq,vjgttocppBxqjgpuvtcwuu0fg\" data-mailto-vector=\"2\">therrmann@vohenstrauss.de<\/a><\/p>\t\t\t\t\t\t\t\t<\/div>\n\t\t\t\t<\/div>\n\t\t\t\t<div class=\"elementor-element elementor-element-1a8ddfc elementor-widget elementor-widget-text-editor\" data-id=\"1a8ddfc\" data-element_type=\"widget\" data-e-type=\"widget\" data-widget_type=\"text-editor.default\">\n\t\t\t\t<div class=\"elementor-widget-container\">\n\t\t\t\t\t\t\t\t\t<p><strong>Online redakce:<\/strong><\/p><p>Christoph Maier \/ Thomas Herrmann<br>Tel.: 09651 922230 \/ 09651 922221<br>Fax: 09651 922241<br><a class=\"mail\" title=\"mailto\" href=\"https:\/\/www.vohenstrauss.de\/rechtliches\/impressum#\" data-mailto-token=\"ocknvq,rquvuvgnngBxqjgpuvtcwuu0fg\" data-mailto-vector=\"2\">poststelle@vohenstrauss.de<\/a><\/p>\t\t\t\t\t\t\t\t<\/div>\n\t\t\t\t<\/div>\n\t\t\t\t<div class=\"elementor-element elementor-element-2de1395 elementor-widget elementor-widget-text-editor\" data-id=\"2de1395\" data-element_type=\"widget\" data-e-type=\"widget\" data-widget_type=\"text-editor.default\">\n\t\t\t\t<div class=\"elementor-widget-container\">\n\t\t\t\t\t\t\t\t\t<p><strong>Koncept, design a fotografie:<\/strong><\/p><p><a class=\"external-link-new-window\" title=\"Otev\u0159e extern\u00ed odkaz v nov\u00e9m okn\u011b\" href=\"http:\/\/www.media-9.de\/\" target=\"_blank\" rel=\"noopener noreferrer\">media9, nov\u00e1 m\u00e9dia + klasick\u00e1 m\u00e9dia<\/a><br>Neukirchner Stra\u00dfe 19<br>92431 Neunburg v. Wald<\/p>\t\t\t\t\t\t\t\t<\/div>\n\t\t\t\t<\/div>\n\t\t\t\t<\/div>\n\t\t<div class=\"elementor-element elementor-element-1a3a041 e-con-full e-flex e-con e-child\" data-id=\"1a3a041\" data-element_type=\"container\" data-e-type=\"container\">\n\t\t\t\t<div class=\"elementor-element elementor-element-ad518d1 elementor-widget elementor-widget-text-editor\" data-id=\"ad518d1\" data-element_type=\"widget\" data-e-type=\"widget\" data-widget_type=\"text-editor.default\">\n\t\t\t\t<div class=\"elementor-widget-container\">\n\t\t\t\t\t\t\t\t\t<p><strong>Adresa:<\/strong><\/p><p>M\u011bstsk\u00fd \u00fa\u0159ad Vohenstrau\u00df<br>Marktplatz 9<br>92648 Vohenstrau\u00df<br>Tel.: +49 9651 9222-0<br>Fax +49 9651 9222-41<br><a class=\"mail\" title=\"mailto\" href=\"https:\/\/www.vohenstrauss.de\/rechtliches\/impressum#\" data-mailto-token=\"ocknvq,rquvuvgnngBxqjgpuvtcwuu0fg\" data-mailto-vector=\"2\">poststelle@vohenstrauss.de<\/a><br><a class=\"external-link-new-window\" title=\"Otev\u0159e extern\u00ed odkaz v nov\u00e9m okn\u011b\" href=\"http:\/\/www.vohenstrauss.de\/\" target=\"_blank\" rel=\"noopener\">www.vohenstrauss.de<\/a><\/p>\t\t\t\t\t\t\t\t<\/div>\n\t\t\t\t<\/div>\n\t\t\t\t<div class=\"elementor-element elementor-element-0253ab6 elementor-widget elementor-widget-text-editor\" data-id=\"0253ab6\" data-element_type=\"widget\" data-e-type=\"widget\" data-widget_type=\"text-editor.default\">\n\t\t\t\t<div class=\"elementor-widget-container\">\n\t\t\t\t\t\t\t\t\t<p><strong>Otev\u00edrac\u00ed doba:<\/strong><\/p><p>Pond\u011bl\u00ed a\u017e p\u00e1tek 08:00 &#8211; 12:00<br>St\u0159eda 14:00 &#8211; 16:00<br>\u010ctvrtek 14:00 &#8211; 18:00<\/p>\t\t\t\t\t\t\t\t<\/div>\n\t\t\t\t<\/div>\n\t\t\t\t<\/div>\n\t\t\t\t<\/div>\n\t\t\t\t<div class=\"elementor-element elementor-element-4e248b0 elementor-widget elementor-widget-text-editor\" data-id=\"4e248b0\" data-element_type=\"widget\" data-e-type=\"widget\" data-widget_type=\"text-editor.default\">\n\t\t\t\t<div class=\"elementor-widget-container\">\n\t\t\t\t\t\t\t\t\t<h2><strong>Odm\u00edtnut\u00ed odpov\u011bdnosti<\/strong><\/h2><p>N\u00e1roky z odpov\u011bdnosti za hmotnou nebo nehmotnou \u0161kodu zp\u016fsobenou pou\u017eit\u00edm nebo nepou\u017eit\u00edm poskytnut\u00fdch informac\u00ed nebo pou\u017eit\u00edm nespr\u00e1vn\u00fdch nebo ne\u00fapln\u00fdch informac\u00ed jsou vylou\u010deny: V \u017e\u00e1dn\u00e9m p\u0159\u00edpad\u011b nebude uzn\u00e1na odpov\u011bdnost za \u0161kody vznikl\u00e9 v d\u016fsledku pou\u017eit\u00ed vyhledan\u00fdch informac\u00ed nebo zasl\u00e1n\u00ed informac\u00ed. Nep\u0159ij\u00edm\u00e1 se odpov\u011bdnost za \u0161kody zp\u016fsoben\u00e9 po\u010d\u00edta\u010dov\u00fdmi viry nebo instalac\u00ed \u010di pou\u017e\u00edv\u00e1n\u00edm softwaru p\u0159i p\u0159\u00edstupu k \u00fadaj\u016fm nebo jejich stahov\u00e1n\u00ed. <\/p><p>Internet funguje jako decentralizovan\u00e1 s\u00ed\u0165 s mezilehl\u00fdm ukl\u00e1d\u00e1n\u00edm a p\u0159ed\u00e1v\u00e1n\u00edm do\u010dasn\u00fdch dat. V sou\u010dasn\u00e9 dob\u011b proto nen\u00ed mo\u017en\u00e9 zaru\u010dit vylou\u010den\u00ed manipulace, n\u00e1hodn\u00e9ho zfal\u0161ov\u00e1n\u00ed a pou\u017eit\u00ed pouze aktu\u00e1ln\u00edch dat (nap\u0159. star\u00e9 verze je\u0161t\u011b v mezipam\u011bti) na spojen\u00ed mezi poskytovatelem a u\u017eivatelem. Na toto omezen\u00ed souvisej\u00edc\u00ed se syst\u00e9mem proto upozor\u0148ujeme n\u00e1sleduj\u00edc\u00edm zp\u016fsobem:  <\/p><p>Tyto \u00fadaje obdr\u017e\u00edte za podm\u00ednek internetu. Nelze proto poskytnout \u017e\u00e1dnou z\u00e1ruku za spr\u00e1vnost informac\u00ed a shodu s p\u016fvodn\u00edmi \u00fadaji. <\/p><p>Spr\u00e1vnost v\u0161ech odkaz\u016f na extern\u00ed poskytovatele byla zkontrolov\u00e1na v dob\u011b jejich za\u0159azen\u00ed. Vzhledem k tomu, \u017ee se internet neust\u00e1le m\u011bn\u00ed, nem\u016f\u017ee m\u011bsto Vohenstrau\u00df zaru\u010dit, \u017ee tyto odkazy povedou k c\u00edli i v dob\u011b va\u0161\u00ed n\u00e1v\u0161t\u011bvy nebo \u017ee maj\u00ed st\u00e1le stejn\u00fd obsah jako v dob\u011b za\u0159azen\u00ed. <\/p><p>Zemsk\u00fd soud v Hamburku ve sv\u00e9m rozsudku ze dne 12. kv\u011btna 1998 rozhodl, \u017ee uveden\u00ed odkazu m\u016f\u017ee znamenat spoluodpov\u011bdnost za obsah odkazovan\u00e9 str\u00e1nky. Tomu lze podle soudu zabr\u00e1nit pouze v\u00fdslovn\u00fdm distancov\u00e1n\u00edm se od tohoto obsahu. Na internetu jsme um\u00edstili odkazy na jin\u00e9 str\u00e1nky. Pro v\u0161echny tyto odkazy plat\u00ed n\u00e1sleduj\u00edc\u00ed: Zd\u016fraz\u0148ujeme, \u017ee nem\u00e1me \u017e\u00e1dn\u00fd vliv na obsah nebo podobu odkazovan\u00fdch str\u00e1nek. Proto se t\u00edmto v\u00fdslovn\u011b distancujeme od ve\u0161ker\u00e9ho obsahu v\u0161ech str\u00e1nek, na kter\u00e9 vedou odkazy z na\u0161ich webov\u00fdch str\u00e1nek. Nep\u0159ij\u00edm\u00e1me obsah t\u011bchto str\u00e1nek za sv\u016fj vlastn\u00ed. Toto prohl\u00e1\u0161en\u00ed se vztahuje na v\u0161echny odkazy na na\u0161ich str\u00e1nk\u00e1ch a na obsah v\u0161ech str\u00e1nek, na kter\u00e9 odkazy vedou. Toto prohl\u00e1\u0161en\u00ed se vztahuje tak\u00e9 na ve\u0161ker\u00fd obsah str\u00e1nek, na kter\u00e9 vedou bannery, a na dal\u0161\u00ed odkazy.       <\/p><p>V\u00fd\u0161e uveden\u00e9 podm\u00ednky pou\u017e\u00edv\u00e1n\u00ed a v nich obsa\u017een\u00e9 prohl\u00e1\u0161en\u00ed o vylou\u010den\u00ed odpov\u011bdnosti jsou ned\u00edlnou sou\u010d\u00e1st\u00ed internetov\u00e9 prezentace m\u011bsta Vohenstrau\u00df. Jsou pln\u011b platn\u00e9 i v p\u0159\u00edpadech, kdy t\u0159et\u00ed osoby odkazuj\u00ed na internetovou prezentaci m\u011bsta Vohenstrau\u00df. <\/p><p>Pokud n\u011bkter\u00e9 \u010d\u00e1sti t\u011bchto podm\u00ednek pou\u017e\u00edv\u00e1n\u00ed nebo prohl\u00e1\u0161en\u00ed o vylou\u010den\u00ed odpov\u011bdnosti nejsou, p\u0159estaly b\u00fdt nebo nejsou pln\u011b v souladu s platn\u00fdm pr\u00e1vn\u00edm stavem, nem\u00e1 to vliv na platnost zb\u00fdvaj\u00edc\u00edch \u010d\u00e1st\u00ed t\u011bchto podm\u00ednek pou\u017e\u00edv\u00e1n\u00ed\/odm\u00edtnut\u00ed odpov\u011bdnosti.<\/p><h2><strong>Radnice online &#8211; virtu\u00e1ln\u00ed \u00fa\u0159ad pro ob\u010dany<\/strong><\/h2><p>M\u011bsto Vohenstrau\u00df pov\u011b\u0159ilo spole\u010dnost komuna GmbH, EDV-Beratung, Wallerstra\u00dfe 2, 84032 Altdorf, jako d\u016fv\u011bryhodnou t\u0159et\u00ed stranu, aby poskytovala online aplikace (Rathaus-Online) v oblasti virtu\u00e1ln\u00edho ob\u010dansk\u00e9ho \u00fa\u0159adu. P\u0159i p\u0159\u00edstupu k online \u017e\u00e1dostem je odpov\u00eddaj\u00edc\u00edm zp\u016fsobem vytvo\u0159en odkaz. Spojen\u00ed je \u0161ifrov\u00e1no 128bitov\u00fdm protokolem SSL.  <\/p><h2><strong>Kalend\u00e1\u0159 akc\u00ed<\/strong><\/h2><p>D\u016fle\u017eit\u00e9 pr\u00e1vn\u00ed informace<\/p><p>Z\u00e1znam v datab\u00e1zi &#8222;Ud\u00e1losti&#8220; nenahrazuje \u017e\u00e1dn\u00e1 pot\u0159ebn\u00e1 opr\u00e1vn\u011bn\u00ed. Z\u00e1pis do datab\u00e1ze je a\u017e do odvol\u00e1n\u00ed bezplatnou slu\u017ebou poskytovanou m\u011bstem Vohenstrau\u00df. Na z\u00e1pis do datab\u00e1ze nen\u00ed \u017e\u00e1dn\u00fd n\u00e1rok. \u00dadaje uveden\u00e9 v kalend\u00e1\u0159i akc\u00ed byly poskytnuty jednotliv\u00fdmi organiz\u00e1tory akc\u00ed. M\u011bsto Vohenstrau\u00df nenese \u017e\u00e1dnou odpov\u011bdnost za spr\u00e1vnost \u00fadaj\u016f zve\u0159ejn\u011bn\u00fdch v tomto souboru. Vyhrazujeme si pr\u00e1vo na zm\u011bny. N\u00e1hrada za ne\u00fapln\u00e9 nebo nespr\u00e1vn\u00e9 \u00fadaje je vylou\u010dena. M\u011bsto Vohenstrau\u00df nenese odpov\u011bdnost za z\u00e1pisy organiz\u00e1tor\u016f akc\u00ed, kter\u00e9 poru\u0161uj\u00ed pr\u00e1vn\u00ed p\u0159edpisy. Po\u0159adatel\u00e9, kte\u0159\u00ed poru\u0161\u00ed tyto podm\u00ednky, budou s okam\u017eitou platnost\u00ed vylou\u010deni. N\u00e1hrada \u0161kody je vyhrazena.         <\/p><h2><strong>Ozna\u010den\u00ed pohlav\u00ed<\/strong><\/h2><p>Aby se informace l\u00e9pe \u010detly, pou\u017e\u00edv\u00e1 se p\u0159i ozna\u010dov\u00e1n\u00ed osob zpravidla mu\u017esk\u00fd rod. Jsou v\u0161ak m\u00edn\u011bny osoby mu\u017esk\u00e9ho i \u017eensk\u00e9ho rodu. <\/p><p>Vohenstrau\u00df, 21.12.2015<br>M\u011bsto Vohenstrau\u00df<\/p><p>Andreas Wutzlhofer<br>Prvn\u00ed starosta<\/p>\t\t\t\t\t\t\t\t<\/div>\n\t\t\t\t<\/div>\n\t\t\t\t<\/div>\n\t\t\t\t\t<\/div>\n\t\t\t\t<\/div>\n\t\t\t\t<\/div>\n\t\t","protected":false},"excerpt":{"rendered":"<p>Otisk Celkov\u00e1 odpov\u011bdnost: 1. starostaAndreas WutzlhoferTel.: +49 9651 9222-22Fax +49 9651 9222-41awutzlhofer@vohenstrauss.de Vztahy s ve\u0159ejnost\u00ed: Thomas HerrmannTelefon: +49 9651 9222-21Fax: +49 9651 9222-41therrmann@vohenstrauss.de Online redakce: Christoph Maier \/ Thomas HerrmannTel.: 09651 922230 \/ 09651 922221Fax: 09651 922241poststelle@vohenstrauss.de Koncept, design a fotografie: media9, nov\u00e1 m\u00e9dia + klasick\u00e1 m\u00e9diaNeukirchner Stra\u00dfe 1992431 Neunburg v. Wald Adresa: M\u011bstsk\u00fd \u00fa\u0159ad [&hellip;]<\/p>\n","protected":false},"author":1,"featured_media":0,"parent":0,"menu_order":0,"comment_status":"closed","ping_status":"closed","template":"","meta":{"_acf_changed":false,"footnotes":""},"class_list":["post-798","page","type-page","status-publish","hentry"],"acf":[],"yoast_head":"<!-- This site is optimized with the Yoast SEO plugin v27.2 - https:\/\/yoast.com\/product\/yoast-seo-wordpress\/ -->\n<title>Vohenstrau\u00df Kultour - Otisk<\/title>\n<meta name=\"robots\" content=\"index, follow, max-snippet:-1, max-image-preview:large, max-video-preview:-1\" \/>\n<link rel=\"canonical\" href=\"https:\/\/voh-kultour.de\/cs\/otisk\/\" \/>\n<meta property=\"og:locale\" content=\"cs_CZ\" \/>\n<meta property=\"og:type\" content=\"article\" \/>\n<meta property=\"og:title\" content=\"Vohenstrau\u00df Kultour - Otisk\" \/>\n<meta property=\"og:description\" content=\"Otisk Celkov\u00e1 odpov\u011bdnost: 1. starostaAndreas WutzlhoferTel.: +49 9651 9222-22Fax +49 9651 9222-41awutzlhofer@vohenstrauss.de Vztahy s ve\u0159ejnost\u00ed: Thomas HerrmannTelefon: +49 9651 9222-21Fax: +49 9651 9222-41therrmann@vohenstrauss.de Online redakce: Christoph Maier \/ Thomas HerrmannTel.: 09651 922230 \/ 09651 922221Fax: 09651 922241poststelle@vohenstrauss.de Koncept, design a fotografie: media9, nov\u00e1 m\u00e9dia + klasick\u00e1 m\u00e9diaNeukirchner Stra\u00dfe 1992431 Neunburg v. Wald Adresa: M\u011bstsk\u00fd \u00fa\u0159ad [&hellip;]\" \/>\n<meta property=\"og:url\" content=\"https:\/\/voh-kultour.de\/cs\/otisk\/\" \/>\n<meta property=\"og:site_name\" content=\"Vohenstrau\u00df Kultour\" \/>\n<meta property=\"article:modified_time\" content=\"2025-04-11T12:24:29+00:00\" \/>\n<meta property=\"og:image\" content=\"https:\/\/voh-kultour.de\/wp-content\/uploads\/2024\/08\/logo_vohenstrauss.png\" \/>\n\t<meta property=\"og:image:width\" content=\"358\" \/>\n\t<meta property=\"og:image:height\" content=\"110\" \/>\n\t<meta property=\"og:image:type\" content=\"image\/png\" \/>\n<meta name=\"twitter:card\" content=\"summary_large_image\" \/>\n<meta name=\"twitter:label1\" content=\"Odhadovan\u00e1 doba \u010dten\u00ed\" \/>\n\t<meta name=\"twitter:data1\" content=\"4 minuty\" \/>\n<script type=\"application\/ld+json\" class=\"yoast-schema-graph\">{\"@context\":\"https:\/\/schema.org\",\"@graph\":[{\"@type\":\"WebPage\",\"@id\":\"https:\/\/voh-kultour.de\/cs\/otisk\/\",\"url\":\"https:\/\/voh-kultour.de\/cs\/otisk\/\",\"name\":\"Vohenstrau\u00df Kultour - Otisk\",\"isPartOf\":{\"@id\":\"https:\/\/voh-kultour.de\/cs\/#website\"},\"datePublished\":\"2024-09-06T07:26:35+00:00\",\"dateModified\":\"2025-04-11T12:24:29+00:00\",\"breadcrumb\":{\"@id\":\"https:\/\/voh-kultour.de\/cs\/otisk\/#breadcrumb\"},\"inLanguage\":\"cs\",\"potentialAction\":[{\"@type\":\"ReadAction\",\"target\":[\"https:\/\/voh-kultour.de\/cs\/otisk\/\"]}]},{\"@type\":\"BreadcrumbList\",\"@id\":\"https:\/\/voh-kultour.de\/cs\/otisk\/#breadcrumb\",\"itemListElement\":[{\"@type\":\"ListItem\",\"position\":1,\"name\":\"Domovsk\u00e1 str\u00e1nka\",\"item\":\"https:\/\/voh-kultour.de\/cs\/\"},{\"@type\":\"ListItem\",\"position\":2,\"name\":\"Otisk\"}]},{\"@type\":\"WebSite\",\"@id\":\"https:\/\/voh-kultour.de\/cs\/#website\",\"url\":\"https:\/\/voh-kultour.de\/cs\/\",\"name\":\"Vohenstrau\u00df Kultour\",\"description\":\"\",\"publisher\":{\"@id\":\"https:\/\/voh-kultour.de\/cs\/#organization\"},\"potentialAction\":[{\"@type\":\"SearchAction\",\"target\":{\"@type\":\"EntryPoint\",\"urlTemplate\":\"https:\/\/voh-kultour.de\/cs\/?s={search_term_string}\"},\"query-input\":{\"@type\":\"PropertyValueSpecification\",\"valueRequired\":true,\"valueName\":\"search_term_string\"}}],\"inLanguage\":\"cs\"},{\"@type\":\"Organization\",\"@id\":\"https:\/\/voh-kultour.de\/cs\/#organization\",\"name\":\"Vohenstrau\u00df Kultour\",\"url\":\"https:\/\/voh-kultour.de\/cs\/\",\"logo\":{\"@type\":\"ImageObject\",\"inLanguage\":\"cs\",\"@id\":\"https:\/\/voh-kultour.de\/cs\/#\/schema\/logo\/image\/\",\"url\":\"https:\/\/voh-kultour.de\/wp-content\/uploads\/2024\/08\/logo_vohenstrauss.png\",\"contentUrl\":\"https:\/\/voh-kultour.de\/wp-content\/uploads\/2024\/08\/logo_vohenstrauss.png\",\"width\":358,\"height\":110,\"caption\":\"Vohenstrau\u00df Kultour\"},\"image\":{\"@id\":\"https:\/\/voh-kultour.de\/cs\/#\/schema\/logo\/image\/\"}}]}<\/script>\n<!-- \/ Yoast SEO plugin. -->","yoast_head_json":{"title":"Vohenstrau\u00df Kultour - Otisk","robots":{"index":"index","follow":"follow","max-snippet":"max-snippet:-1","max-image-preview":"max-image-preview:large","max-video-preview":"max-video-preview:-1"},"canonical":"https:\/\/voh-kultour.de\/cs\/otisk\/","og_locale":"cs_CZ","og_type":"article","og_title":"Vohenstrau\u00df Kultour - Otisk","og_description":"Otisk Celkov\u00e1 odpov\u011bdnost: 1. starostaAndreas WutzlhoferTel.: +49 9651 9222-22Fax +49 9651 9222-41awutzlhofer@vohenstrauss.de Vztahy s ve\u0159ejnost\u00ed: Thomas HerrmannTelefon: +49 9651 9222-21Fax: +49 9651 9222-41therrmann@vohenstrauss.de Online redakce: Christoph Maier \/ Thomas HerrmannTel.: 09651 922230 \/ 09651 922221Fax: 09651 922241poststelle@vohenstrauss.de Koncept, design a fotografie: media9, nov\u00e1 m\u00e9dia + klasick\u00e1 m\u00e9diaNeukirchner Stra\u00dfe 1992431 Neunburg v. Wald Adresa: M\u011bstsk\u00fd \u00fa\u0159ad [&hellip;]","og_url":"https:\/\/voh-kultour.de\/cs\/otisk\/","og_site_name":"Vohenstrau\u00df Kultour","article_modified_time":"2025-04-11T12:24:29+00:00","og_image":[{"width":358,"height":110,"url":"https:\/\/voh-kultour.de\/wp-content\/uploads\/2024\/08\/logo_vohenstrauss.png","type":"image\/png"}],"twitter_card":"summary_large_image","twitter_misc":{"Odhadovan\u00e1 doba \u010dten\u00ed":"4 minuty"},"schema":{"@context":"https:\/\/schema.org","@graph":[{"@type":"WebPage","@id":"https:\/\/voh-kultour.de\/cs\/otisk\/","url":"https:\/\/voh-kultour.de\/cs\/otisk\/","name":"Vohenstrau\u00df Kultour - Otisk","isPartOf":{"@id":"https:\/\/voh-kultour.de\/cs\/#website"},"datePublished":"2024-09-06T07:26:35+00:00","dateModified":"2025-04-11T12:24:29+00:00","breadcrumb":{"@id":"https:\/\/voh-kultour.de\/cs\/otisk\/#breadcrumb"},"inLanguage":"cs","potentialAction":[{"@type":"ReadAction","target":["https:\/\/voh-kultour.de\/cs\/otisk\/"]}]},{"@type":"BreadcrumbList","@id":"https:\/\/voh-kultour.de\/cs\/otisk\/#breadcrumb","itemListElement":[{"@type":"ListItem","position":1,"name":"Domovsk\u00e1 str\u00e1nka","item":"https:\/\/voh-kultour.de\/cs\/"},{"@type":"ListItem","position":2,"name":"Otisk"}]},{"@type":"WebSite","@id":"https:\/\/voh-kultour.de\/cs\/#website","url":"https:\/\/voh-kultour.de\/cs\/","name":"Vohenstrau\u00df Kultour","description":"","publisher":{"@id":"https:\/\/voh-kultour.de\/cs\/#organization"},"potentialAction":[{"@type":"SearchAction","target":{"@type":"EntryPoint","urlTemplate":"https:\/\/voh-kultour.de\/cs\/?s={search_term_string}"},"query-input":{"@type":"PropertyValueSpecification","valueRequired":true,"valueName":"search_term_string"}}],"inLanguage":"cs"},{"@type":"Organization","@id":"https:\/\/voh-kultour.de\/cs\/#organization","name":"Vohenstrau\u00df Kultour","url":"https:\/\/voh-kultour.de\/cs\/","logo":{"@type":"ImageObject","inLanguage":"cs","@id":"https:\/\/voh-kultour.de\/cs\/#\/schema\/logo\/image\/","url":"https:\/\/voh-kultour.de\/wp-content\/uploads\/2024\/08\/logo_vohenstrauss.png","contentUrl":"https:\/\/voh-kultour.de\/wp-content\/uploads\/2024\/08\/logo_vohenstrauss.png","width":358,"height":110,"caption":"Vohenstrau\u00df Kultour"},"image":{"@id":"https:\/\/voh-kultour.de\/cs\/#\/schema\/logo\/image\/"}}]}},"_links":{"self":[{"href":"https:\/\/voh-kultour.de\/cs\/wp-json\/wp\/v2\/pages\/798","targetHints":{"allow":["GET"]}}],"collection":[{"href":"https:\/\/voh-kultour.de\/cs\/wp-json\/wp\/v2\/pages"}],"about":[{"href":"https:\/\/voh-kultour.de\/cs\/wp-json\/wp\/v2\/types\/page"}],"author":[{"embeddable":true,"href":"https:\/\/voh-kultour.de\/cs\/wp-json\/wp\/v2\/users\/1"}],"replies":[{"embeddable":true,"href":"https:\/\/voh-kultour.de\/cs\/wp-json\/wp\/v2\/comments?post=798"}],"version-history":[{"count":0,"href":"https:\/\/voh-kultour.de\/cs\/wp-json\/wp\/v2\/pages\/798\/revisions"}],"wp:attachment":[{"href":"https:\/\/voh-kultour.de\/cs\/wp-json\/wp\/v2\/media?parent=798"}],"curies":[{"name":"wp","href":"https:\/\/api.w.org\/{rel}","templated":true}]}}