{"id":807,"date":"2024-09-06T10:06:55","date_gmt":"2024-09-06T10:06:55","guid":{"rendered":"https:\/\/voh-kultour.de\/ochrana-udaju\/"},"modified":"2025-04-11T12:24:30","modified_gmt":"2025-04-11T12:24:30","slug":"ochrana-udaju","status":"publish","type":"page","link":"https:\/\/voh-kultour.de\/cs\/ochrana-udaju\/","title":{"rendered":"Ochrana \u00fadaj\u016f"},"content":{"rendered":"\t\t<div data-elementor-type=\"wp-page\" data-elementor-id=\"807\" class=\"elementor elementor-807 elementor-434\" data-elementor-post-type=\"page\">\n\t\t\t\t<div class=\"elementor-element elementor-element-f6c2205 e-flex e-con-boxed e-con e-parent\" data-id=\"f6c2205\" data-element_type=\"container\" data-e-type=\"container\">\n\t\t\t\t\t<div class=\"e-con-inner\">\n\t\t<div class=\"elementor-element elementor-element-83368f8 e-con-full e-flex e-con e-child\" data-id=\"83368f8\" data-element_type=\"container\" data-e-type=\"container\">\n\t\t\t\t<div class=\"elementor-element elementor-element-59eb365 elementor-widget elementor-widget-heading\" data-id=\"59eb365\" data-element_type=\"widget\" data-e-type=\"widget\" data-widget_type=\"heading.default\">\n\t\t\t\t<div class=\"elementor-widget-container\">\n\t\t\t\t\t<h1 class=\"elementor-heading-title elementor-size-default\">Z\u00e1sady ochrany osobn\u00edch \u00fadaj\u016f<\/h1>\t\t\t\t<\/div>\n\t\t\t\t<\/div>\n\t\t\t\t<div class=\"elementor-element elementor-element-ac5f3ce elementor-widget elementor-widget-spacer\" data-id=\"ac5f3ce\" data-element_type=\"widget\" data-e-type=\"widget\" data-widget_type=\"spacer.default\">\n\t\t\t\t<div class=\"elementor-widget-container\">\n\t\t\t\t\t\t\t<div class=\"elementor-spacer\">\n\t\t\t<div class=\"elementor-spacer-inner\"><\/div>\n\t\t<\/div>\n\t\t\t\t\t\t<\/div>\n\t\t\t\t<\/div>\n\t\t\t\t<div class=\"elementor-element elementor-element-0bf7e5d elementor-widget elementor-widget-text-editor\" data-id=\"0bf7e5d\" data-element_type=\"widget\" data-e-type=\"widget\" data-widget_type=\"text-editor.default\">\n\t\t\t\t<div class=\"elementor-widget-container\">\n\t\t\t\t\t\t\t\t\t<p>M\u011bsto Vohenstrauss provozuje obecn\u00ed webov\u00e9 str\u00e1nky pod dom\u00e9nou vohenstrauss.de.<\/p><p>M\u011bsto Vohenstrau\u00df klade velk\u00fd d\u016fraz na ochranu soukrom\u00ed a dodr\u017euje z\u00e1konn\u00e9 p\u0159edpisy o ochran\u011b osobn\u00edch \u00fadaj\u016f. V n\u00e1sleduj\u00edc\u00edm textu bychom v\u00e1m r\u00e1di vysv\u011btlili, jak nakl\u00e1d\u00e1me s va\u0161imi osobn\u00edmi \u00fadaji. <\/p><p>Bavorsk\u00fd z\u00e1kon o ochran\u011b osobn\u00edch \u00fadaj\u016f<\/p><p>Jako ve\u0159ejn\u00fd subjekt podl\u00e9h\u00e1me ustanoven\u00edm bavorsk\u00e9ho z\u00e1kona o ochran\u011b osobn\u00edch \u00fadaj\u016f (BayDSG). P\u0159ijali jsme technick\u00e1 a organiza\u010dn\u00ed opat\u0159en\u00ed na ochranu va\u0161ich pr\u00e1v a zajistili jsme, aby p\u0159edpisy o ochran\u011b \u00fadaj\u016f dodr\u017eovali tak\u00e9 extern\u00ed poskytovatel\u00e9 slu\u017eeb, kte\u0159\u00ed pracuj\u00ed na t\u011bchto webov\u00fdch str\u00e1nk\u00e1ch. Va\u0161e \u00fadaje mohou b\u00fdt zpracov\u00e1v\u00e1ny pouze v rozsahu povolen\u00e9m zvl\u00e1\u0161tn\u00edmi z\u00e1kony nebo s va\u0161\u00edm souhlasem.  <\/p><p>1. nakl\u00e1d\u00e1n\u00ed s osobn\u00edmi \u00fadaji<\/p><p>Osobn\u00ed \u00fadaje jsou informace o va\u0161\u00ed identit\u011b. Pat\u0159\u00ed sem nap\u0159\u00edklad informace jako va\u0161e skute\u010dn\u00e9 jm\u00e9no, adresa nebo telefonn\u00ed \u010d\u00edslo. <\/p><p>1.1 Kdy a za jak\u00fdm \u00fa\u010delem m\u011bsto Vohenstrau\u00df shroma\u017e\u010fuje osobn\u00ed \u00fadaje?<\/p><p>Obecn\u00ed webov\u00e9 str\u00e1nky jsou v z\u00e1sad\u011b p\u0159\u00edstupn\u00e9 v\u0161em u\u017eivatel\u016fm bez shroma\u017e\u010fov\u00e1n\u00ed osobn\u00edch \u00fadaj\u016f. Pokud se v\u0161ak budete cht\u00edt zaregistrovat k n\u011bkter\u00e9 z na\u0161ich personalizovan\u00fdch slu\u017eeb (nap\u0159. objedn\u00e1n\u00ed informa\u010dn\u00edch materi\u00e1l\u016f nebo zad\u00e1n\u00ed ud\u00e1lost\u00ed do online kalend\u00e1\u0159e akc\u00ed), budete po\u017e\u00e1d\u00e1ni o poskytnut\u00ed osobn\u00edch \u00fadaj\u016f: Objedn\u00e1n\u00ed informa\u010dn\u00edho materi\u00e1lu nebo zad\u00e1n\u00ed ud\u00e1lost\u00ed do online kalend\u00e1\u0159e akc\u00ed). Va\u0161e osobn\u00ed \u00fadaje pou\u017e\u00edv\u00e1me pouze k tomu, abychom v\u00e1m umo\u017enili p\u0159\u00edstup k na\u0161im slu\u017eb\u00e1m, kter\u00e9 vy\u017eaduj\u00ed registraci, nebo k poskytov\u00e1n\u00ed slu\u017eeb a v p\u0159\u00edpad\u011b pot\u0159eby k jejich vy\u00fa\u010dtov\u00e1n\u00ed. Va\u0161e osobn\u00ed \u00fadaje budou vy\u017eadov\u00e1ny, zpracov\u00e1v\u00e1ny a pou\u017e\u00edv\u00e1ny pouze v rozsahu nezbytn\u00e9m pro \u00fa\u010dely smlouvy. \u00dadaje budou vymaz\u00e1ny, jakmile ji\u017e nebudou pro spln\u011bn\u00ed p\u0159\u00edslu\u0161n\u00e9ho \u00fakolu pot\u0159ebn\u00e9.    <\/p><p>1.2 P\u0159ed\u00e1v\u00e1n\u00ed osobn\u00edch \u00fadaj\u016f e-mailem<\/p><p>Pokud za\u0161lete e-mail na obecn\u00ed \u00fa\u0159ad Vohenstrau\u00df, bude va\u0161e e-mailov\u00e1 adresa pou\u017eita pouze pro korespondenci s v\u00e1mi. R\u00e1di bychom upozornili, \u017ee p\u0159enos dat prost\u0159ednictv\u00edm internetu nen\u00ed bezpe\u010dn\u00fd, a proto mohou b\u00fdt p\u0159en\u00e1\u0161en\u00e1 data p\u0159e\u010dtena nebo zfal\u0161ov\u00e1na neopr\u00e1vn\u011bn\u00fdmi osobami. M\u011bsto Vohenstrau\u00df v sou\u010dasn\u00e9 dob\u011b nepou\u017e\u00edv\u00e1 \u017e\u00e1dnou \u0161ifrovac\u00ed technologii.  <\/p><p>1.3 P\u0159ed\u00e1v\u00e1n\u00ed osobn\u00edch \u00fadaj\u016f pomoc\u00ed formul\u00e1\u0159\u016f<\/p><p>Obecn\u011b plat\u00ed, \u017ee \u017e\u00e1dn\u00e9 osobn\u00ed \u00fadaje shrom\u00e1\u017ed\u011bn\u00e9 prost\u0159ednictv\u00edm formul\u00e1\u0159\u016f nebudou p\u0159ed\u00e1ny t\u0159et\u00edm stran\u00e1m a budou pou\u017eity pouze pro \u00fa\u010dely zpracov\u00e1n\u00ed va\u0161eho dotazu, pokud o tom u\u017eivatel\u00e9 nebudou p\u0159i vyvol\u00e1n\u00ed funkce op\u011bt v\u00fdslovn\u011b informov\u00e1ni. V\u00fd\u0161e uveden\u00e9 omezen\u00ed p\u0159ed\u00e1v\u00e1n\u00ed \u00fadaj\u016f t\u0159et\u00edm osob\u00e1m neplat\u00ed, pokud je m\u011bsto Vohenstrau\u00df ze z\u00e1kona povinno shrom\u00e1\u017ed\u011bn\u00e9 \u00fadaje p\u0159edat Je t\u0159eba rozli\u0161ovat mezi n\u00e1sleduj\u00edc\u00edmi variantami formul\u00e1\u0159ov\u00fdch slu\u017eeb nab\u00edzen\u00fdch na webov\u00fdch str\u00e1nk\u00e1ch m\u011bsta Vohenstrau\u00df: <\/p><p>Jednoduch\u00e9 online formul\u00e1\u0159e bez p\u0159ipojen\u00ed k datab\u00e1zi<\/p><p>Tyto formul\u00e1\u0159e lze odeslat p\u0159\u00edmo kliknut\u00edm na tla\u010d\u00edtko &#8222;Odeslat&#8220; po jejich vypln\u011bn\u00ed na obrazovce. Pokud tyto slu\u017eby vyu\u017e\u00edv\u00e1te, plat\u00ed stejn\u00e9 podm\u00ednky, jak\u00e9 jsou vysv\u011btleny v\u00fd\u0161e pro &#8222;e-mail&#8220;: P\u0159enos dat p\u0159es internet nen\u00ed zabezpe\u010den, v\u00e1mi zadan\u00e9 \u00fadaje se k p\u0159\u00edjemci dostanou prost\u0159ednictv\u00edm e-mailov\u00e9ho protokolu, a mohou b\u00fdt proto p\u0159e\u010dteny nebo p\u0159\u00edpadn\u011b zfal\u0161ov\u00e1ny neopr\u00e1vn\u011bn\u00fdmi osobami. <\/p><p>Zad\u00e1v\u00e1n\u00ed do formul\u00e1\u0159\u016f s podporou datab\u00e1ze<\/p><p>V aplikac\u00edch, jako je datab\u00e1ze ud\u00e1lost\u00ed, se kontaktn\u00ed \u00fadaje organiz\u00e1tor\u016f, kte\u0159\u00ed se cht\u011bj\u00ed zaregistrovat, shroma\u017e\u010fuj\u00ed online a po potvrzen\u00ed se ukl\u00e1daj\u00ed p\u0159\u00edmo do datab\u00e1ze. P\u0159enos \u00fadaj\u016f z formul\u00e1\u0159\u016f podporovan\u00fdch datab\u00e1z\u00ed prost\u0159ednictv\u00edm internetu nen\u00ed zabezpe\u010den, co\u017e znamen\u00e1, \u017ee zadan\u00e9 \u00fadaje mohou b\u00fdt zobrazeny nebo p\u0159\u00edpadn\u011b zfal\u0161ov\u00e1ny neopr\u00e1vn\u011bn\u00fdmi osobami. <\/p><p>Stahov\u00e1n\u00ed a pou\u017e\u00edv\u00e1n\u00ed formul\u00e1\u0159\u016f PDF<\/p><p>M\u011bsto Vohenstrau\u00df nab\u00edz\u00ed v\u0161echny ostatn\u00ed elektronick\u00e9 formul\u00e1\u0159e, do kter\u00fdch je t\u0159eba zadat osobn\u00ed \u00fadaje hodn\u00e9 ochrany, ve form\u00e1tu PDF. Tyto formul\u00e1\u0159e nemohou a nesm\u00ed b\u00fdt zas\u00edl\u00e1ny prost\u0159ednictv\u00edm internetu, ale mus\u00ed b\u00fdt vyti\u0161t\u011bny, vlastnoru\u010dn\u011b podeps\u00e1ny a p\u0159ed\u00e1ny zpracovatelsk\u00e9mu \u00fa\u0159adu. <\/p><p> <\/p><p>2. z\u0159eknut\u00ed se odpov\u011bdnosti<\/p><p>Informace poskytovan\u00e9 m\u011bstem Vohenstrau\u00df obsahuj\u00ed k\u0159\u00ed\u017eov\u00e9 odkazy (&#8222;linky&#8220;) na jin\u00e9 webov\u00e9 str\u00e1nky. Prost\u0159ednictv\u00edm k\u0159\u00ed\u017eov\u00e9ho odkazu m\u011bsto Vohenstrau\u00df umo\u017e\u0148uje p\u0159\u00edstup k vyu\u017e\u00edv\u00e1n\u00ed tohoto obsahu (\u00a7 9 z\u00e1kona o slu\u017eb\u00e1ch na d\u00e1lku). Za tento &#8222;extern\u00ed&#8220; obsah neodpov\u00edd\u00e1, proto\u017ee neiniciuje p\u0159enos informac\u00ed, nevyb\u00edr\u00e1 adres\u00e1ta p\u0159en\u00e1\u0161en\u00fdch informac\u00ed a p\u0159en\u00e1\u0161en\u00e9 informace nevybralo ani nezm\u011bnilo. M\u011bsto Vohenstrau\u00df rovn\u011b\u017e automaticky do\u010dasn\u011b neukl\u00e1d\u00e1 tyto &#8222;extern\u00ed informace&#8220; vzhledem ke zvolen\u00e9mu zp\u016fsobu p\u0159\u00edstupu a propojen\u00ed, tak\u017ee m\u011bsto Vohenstrau\u00df za tento extern\u00ed obsah neodpov\u00edd\u00e1. M\u011bsto Vohenstrau\u00df v\u00fdslovn\u011b upozor\u0148uje, \u017ee odkazovan\u00e9 extern\u00ed domovsk\u00e9 str\u00e1nky maj\u00ed zpravidla vlastn\u00ed p\u0159edpisy o ochran\u011b osobn\u00edch \u00fadaj\u016f, na kter\u00e9 m\u011bsto Vohenstrau\u00df nem\u00e1 \u017e\u00e1dn\u00fd vliv. Jak\u00e1koli odpov\u011bdnost za ustanoven\u00ed o ochran\u011b osobn\u00edch \u00fadaj\u016f na t\u011bchto domovsk\u00fdch str\u00e1nk\u00e1ch je proto vylou\u010dena. Z\u00e1pisy jsou nez\u00e1vazn\u00e9 a mohou b\u00fdt zru\u0161eny. Na z\u00e1pis nen\u00ed \u017e\u00e1dn\u00fd n\u00e1rok.       <\/p><p> <\/p><p>3. z\u00e1vazek zam\u011bstnanc\u016f obce k ochran\u011b \u00fadaj\u016f<\/p><p>Zam\u011bstnanci m\u011bsta Vohenstrau\u00df jsou povinni zachov\u00e1vat ml\u010denlivost a dodr\u017eovat p\u0159\u00edslu\u0161n\u00e1 z\u00e1konn\u00e1 ustanoven\u00ed z\u00e1kona o ochran\u011b osobn\u00edch \u00fadaj\u016f.<\/p><p> <\/p><p>4. zm\u011bna na\u0161ich z\u00e1sad ochrany osobn\u00edch \u00fadaj\u016f<\/p><p>M\u011bsto Vohenstrau\u00df m\u00e1 pr\u00e1vo kdykoli zm\u011bnit toto prohl\u00e1\u0161en\u00ed o ochran\u011b \u00fadaj\u016f v souladu s platn\u00fdmi z\u00e1konn\u00fdmi p\u0159edpisy o ochran\u011b \u00fadaj\u016f.<\/p><p> <\/p><p>5 M\u00e1te-li jak\u00e9koli dotazy t\u00fdkaj\u00edc\u00ed se ochrany \u00fadaj\u016f, obra\u0165te se na pov\u011b\u0159ence pro ochranu osobn\u00edch \u00fadaj\u016f:<\/p><p> <\/p><p>M\u011bsto Vohenstrau\u00df<br>Pov\u011b\u0159enec pro ochranu osobn\u00edch \u00fadaj\u016f<br>Thomas Herrmann<br>Marktplatz 9<br>92648 Vohenstrau\u00df<\/p><p>E-mail: <a class=\"mail\" title=\"mailto\" href=\"https:\/\/www.vohenstrauss.de\/rechtliches\/datenschutz#\" data-mailto-token=\"ocknvq,vjgttocppBxqjgpuvtcwuu0fg\" data-mailto-vector=\"2\">therrmann@vohenstrauss.de<\/a><br>Telefon: 09651 922234<br>Fax: 09651 922241<\/p><p> <\/p><p>Bavorsk\u00fd st\u00e1tn\u00ed komisa\u0159 pro ochranu \u00fadaj\u016f<\/p><p>V souladu s \u010dl. 30 BayDSG je bavorsk\u00fd zemsk\u00fd zmocn\u011bnec pro ochranu osobn\u00edch \u00fadaj\u016f pov\u011b\u0159en kontrolou dodr\u017eov\u00e1n\u00ed p\u0159edpis\u016f o ochran\u011b osobn\u00edch \u00fadaj\u016f u org\u00e1n\u016f ve\u0159ejn\u00e9 spr\u00e1vy Svobodn\u00e9ho st\u00e1tu Bavorsko a tak\u00e9 u m\u011bsta Vohenstrau\u00df.<\/p><p> <\/p><p>Bavorsk\u00fd st\u00e1tn\u00ed komisa\u0159 pro ochranu \u00fadaj\u016f<br>Dr. Thomas Petri<br>Wagm\u00fcllerstra\u00dfe 18<br>80538 Mnichov<\/p><p>Telefon: 089 212672 &#8211; 0<br>Fax: 089 212672 &#8211; 50<br>E-mail: <a href=\"https:\/\/www.vohenstrauss.de\/rechtliches\/datenschutz#\" data-mailto-token=\"ocknvq,rquvuvgnngBfcvgpuejwvb\/dcagtp0fg\" data-mailto-vector=\"2\">poststelle@datenschutz-bayern.de<\/a><br>Internet: <a class=\"external-link-new-window\" title=\"Otev\u0159e extern\u00ed odkaz v nov\u00e9m okn\u011b\" href=\"http:\/\/www.datenschutz-bayern.de\/\" target=\"_blank\" rel=\"noopener noreferrer\">www.datenschutz-bayern.de<\/a><\/p>\t\t\t\t\t\t\t\t<\/div>\n\t\t\t\t<\/div>\n\t\t\t\t<\/div>\n\t\t\t\t\t<\/div>\n\t\t\t\t<\/div>\n\t\t\t\t<\/div>\n\t\t","protected":false},"excerpt":{"rendered":"<p>Z\u00e1sady ochrany osobn\u00edch \u00fadaj\u016f M\u011bsto Vohenstrauss provozuje obecn\u00ed webov\u00e9 str\u00e1nky pod dom\u00e9nou vohenstrauss.de. M\u011bsto Vohenstrau\u00df klade velk\u00fd d\u016fraz na ochranu soukrom\u00ed a dodr\u017euje z\u00e1konn\u00e9 p\u0159edpisy o ochran\u011b osobn\u00edch \u00fadaj\u016f. V n\u00e1sleduj\u00edc\u00edm textu bychom v\u00e1m r\u00e1di vysv\u011btlili, jak nakl\u00e1d\u00e1me s va\u0161imi osobn\u00edmi \u00fadaji. Bavorsk\u00fd z\u00e1kon o ochran\u011b osobn\u00edch \u00fadaj\u016f Jako ve\u0159ejn\u00fd subjekt podl\u00e9h\u00e1me ustanoven\u00edm bavorsk\u00e9ho z\u00e1kona [&hellip;]<\/p>\n","protected":false},"author":1,"featured_media":0,"parent":0,"menu_order":0,"comment_status":"closed","ping_status":"closed","template":"","meta":{"_acf_changed":false,"footnotes":""},"class_list":["post-807","page","type-page","status-publish","hentry"],"acf":[],"yoast_head":"<!-- This site is optimized with the Yoast SEO plugin v27.2 - https:\/\/yoast.com\/product\/yoast-seo-wordpress\/ -->\n<title>Vohenstrau\u00df Kultour - Ochrana \u00fadaj\u016f<\/title>\n<meta name=\"robots\" content=\"index, follow, max-snippet:-1, max-image-preview:large, max-video-preview:-1\" \/>\n<link rel=\"canonical\" href=\"https:\/\/voh-kultour.de\/cs\/ochrana-udaju\/\" \/>\n<meta property=\"og:locale\" content=\"cs_CZ\" \/>\n<meta property=\"og:type\" content=\"article\" \/>\n<meta property=\"og:title\" content=\"Vohenstrau\u00df Kultour - Ochrana \u00fadaj\u016f\" \/>\n<meta property=\"og:description\" content=\"Z\u00e1sady ochrany osobn\u00edch \u00fadaj\u016f M\u011bsto Vohenstrauss provozuje obecn\u00ed webov\u00e9 str\u00e1nky pod dom\u00e9nou vohenstrauss.de. M\u011bsto Vohenstrau\u00df klade velk\u00fd d\u016fraz na ochranu soukrom\u00ed a dodr\u017euje z\u00e1konn\u00e9 p\u0159edpisy o ochran\u011b osobn\u00edch \u00fadaj\u016f. V n\u00e1sleduj\u00edc\u00edm textu bychom v\u00e1m r\u00e1di vysv\u011btlili, jak nakl\u00e1d\u00e1me s va\u0161imi osobn\u00edmi \u00fadaji. Bavorsk\u00fd z\u00e1kon o ochran\u011b osobn\u00edch \u00fadaj\u016f Jako ve\u0159ejn\u00fd subjekt podl\u00e9h\u00e1me ustanoven\u00edm bavorsk\u00e9ho z\u00e1kona [&hellip;]\" \/>\n<meta property=\"og:url\" content=\"https:\/\/voh-kultour.de\/cs\/ochrana-udaju\/\" \/>\n<meta property=\"og:site_name\" content=\"Vohenstrau\u00df Kultour\" \/>\n<meta property=\"article:modified_time\" content=\"2025-04-11T12:24:30+00:00\" \/>\n<meta property=\"og:image\" content=\"https:\/\/voh-kultour.de\/wp-content\/uploads\/2024\/08\/logo_vohenstrauss.png\" \/>\n\t<meta property=\"og:image:width\" content=\"358\" \/>\n\t<meta property=\"og:image:height\" content=\"110\" \/>\n\t<meta property=\"og:image:type\" content=\"image\/png\" \/>\n<meta name=\"twitter:card\" content=\"summary_large_image\" \/>\n<meta name=\"twitter:label1\" content=\"Odhadovan\u00e1 doba \u010dten\u00ed\" \/>\n\t<meta name=\"twitter:data1\" content=\"6 minut\" \/>\n<script type=\"application\/ld+json\" class=\"yoast-schema-graph\">{\"@context\":\"https:\/\/schema.org\",\"@graph\":[{\"@type\":\"WebPage\",\"@id\":\"https:\/\/voh-kultour.de\/cs\/ochrana-udaju\/\",\"url\":\"https:\/\/voh-kultour.de\/cs\/ochrana-udaju\/\",\"name\":\"Vohenstrau\u00df Kultour - Ochrana \u00fadaj\u016f\",\"isPartOf\":{\"@id\":\"https:\/\/voh-kultour.de\/cs\/#website\"},\"datePublished\":\"2024-09-06T10:06:55+00:00\",\"dateModified\":\"2025-04-11T12:24:30+00:00\",\"breadcrumb\":{\"@id\":\"https:\/\/voh-kultour.de\/cs\/ochrana-udaju\/#breadcrumb\"},\"inLanguage\":\"cs\",\"potentialAction\":[{\"@type\":\"ReadAction\",\"target\":[\"https:\/\/voh-kultour.de\/cs\/ochrana-udaju\/\"]}]},{\"@type\":\"BreadcrumbList\",\"@id\":\"https:\/\/voh-kultour.de\/cs\/ochrana-udaju\/#breadcrumb\",\"itemListElement\":[{\"@type\":\"ListItem\",\"position\":1,\"name\":\"Domovsk\u00e1 str\u00e1nka\",\"item\":\"https:\/\/voh-kultour.de\/cs\/\"},{\"@type\":\"ListItem\",\"position\":2,\"name\":\"Ochrana \u00fadaj\u016f\"}]},{\"@type\":\"WebSite\",\"@id\":\"https:\/\/voh-kultour.de\/cs\/#website\",\"url\":\"https:\/\/voh-kultour.de\/cs\/\",\"name\":\"Vohenstrau\u00df Kultour\",\"description\":\"\",\"publisher\":{\"@id\":\"https:\/\/voh-kultour.de\/cs\/#organization\"},\"potentialAction\":[{\"@type\":\"SearchAction\",\"target\":{\"@type\":\"EntryPoint\",\"urlTemplate\":\"https:\/\/voh-kultour.de\/cs\/?s={search_term_string}\"},\"query-input\":{\"@type\":\"PropertyValueSpecification\",\"valueRequired\":true,\"valueName\":\"search_term_string\"}}],\"inLanguage\":\"cs\"},{\"@type\":\"Organization\",\"@id\":\"https:\/\/voh-kultour.de\/cs\/#organization\",\"name\":\"Vohenstrau\u00df Kultour\",\"url\":\"https:\/\/voh-kultour.de\/cs\/\",\"logo\":{\"@type\":\"ImageObject\",\"inLanguage\":\"cs\",\"@id\":\"https:\/\/voh-kultour.de\/cs\/#\/schema\/logo\/image\/\",\"url\":\"https:\/\/voh-kultour.de\/wp-content\/uploads\/2024\/08\/logo_vohenstrauss.png\",\"contentUrl\":\"https:\/\/voh-kultour.de\/wp-content\/uploads\/2024\/08\/logo_vohenstrauss.png\",\"width\":358,\"height\":110,\"caption\":\"Vohenstrau\u00df Kultour\"},\"image\":{\"@id\":\"https:\/\/voh-kultour.de\/cs\/#\/schema\/logo\/image\/\"}}]}<\/script>\n<!-- \/ Yoast SEO plugin. -->","yoast_head_json":{"title":"Vohenstrau\u00df Kultour - Ochrana \u00fadaj\u016f","robots":{"index":"index","follow":"follow","max-snippet":"max-snippet:-1","max-image-preview":"max-image-preview:large","max-video-preview":"max-video-preview:-1"},"canonical":"https:\/\/voh-kultour.de\/cs\/ochrana-udaju\/","og_locale":"cs_CZ","og_type":"article","og_title":"Vohenstrau\u00df Kultour - Ochrana \u00fadaj\u016f","og_description":"Z\u00e1sady ochrany osobn\u00edch \u00fadaj\u016f M\u011bsto Vohenstrauss provozuje obecn\u00ed webov\u00e9 str\u00e1nky pod dom\u00e9nou vohenstrauss.de. M\u011bsto Vohenstrau\u00df klade velk\u00fd d\u016fraz na ochranu soukrom\u00ed a dodr\u017euje z\u00e1konn\u00e9 p\u0159edpisy o ochran\u011b osobn\u00edch \u00fadaj\u016f. V n\u00e1sleduj\u00edc\u00edm textu bychom v\u00e1m r\u00e1di vysv\u011btlili, jak nakl\u00e1d\u00e1me s va\u0161imi osobn\u00edmi \u00fadaji. Bavorsk\u00fd z\u00e1kon o ochran\u011b osobn\u00edch \u00fadaj\u016f Jako ve\u0159ejn\u00fd subjekt podl\u00e9h\u00e1me ustanoven\u00edm bavorsk\u00e9ho z\u00e1kona [&hellip;]","og_url":"https:\/\/voh-kultour.de\/cs\/ochrana-udaju\/","og_site_name":"Vohenstrau\u00df Kultour","article_modified_time":"2025-04-11T12:24:30+00:00","og_image":[{"width":358,"height":110,"url":"https:\/\/voh-kultour.de\/wp-content\/uploads\/2024\/08\/logo_vohenstrauss.png","type":"image\/png"}],"twitter_card":"summary_large_image","twitter_misc":{"Odhadovan\u00e1 doba \u010dten\u00ed":"6 minut"},"schema":{"@context":"https:\/\/schema.org","@graph":[{"@type":"WebPage","@id":"https:\/\/voh-kultour.de\/cs\/ochrana-udaju\/","url":"https:\/\/voh-kultour.de\/cs\/ochrana-udaju\/","name":"Vohenstrau\u00df Kultour - Ochrana \u00fadaj\u016f","isPartOf":{"@id":"https:\/\/voh-kultour.de\/cs\/#website"},"datePublished":"2024-09-06T10:06:55+00:00","dateModified":"2025-04-11T12:24:30+00:00","breadcrumb":{"@id":"https:\/\/voh-kultour.de\/cs\/ochrana-udaju\/#breadcrumb"},"inLanguage":"cs","potentialAction":[{"@type":"ReadAction","target":["https:\/\/voh-kultour.de\/cs\/ochrana-udaju\/"]}]},{"@type":"BreadcrumbList","@id":"https:\/\/voh-kultour.de\/cs\/ochrana-udaju\/#breadcrumb","itemListElement":[{"@type":"ListItem","position":1,"name":"Domovsk\u00e1 str\u00e1nka","item":"https:\/\/voh-kultour.de\/cs\/"},{"@type":"ListItem","position":2,"name":"Ochrana \u00fadaj\u016f"}]},{"@type":"WebSite","@id":"https:\/\/voh-kultour.de\/cs\/#website","url":"https:\/\/voh-kultour.de\/cs\/","name":"Vohenstrau\u00df Kultour","description":"","publisher":{"@id":"https:\/\/voh-kultour.de\/cs\/#organization"},"potentialAction":[{"@type":"SearchAction","target":{"@type":"EntryPoint","urlTemplate":"https:\/\/voh-kultour.de\/cs\/?s={search_term_string}"},"query-input":{"@type":"PropertyValueSpecification","valueRequired":true,"valueName":"search_term_string"}}],"inLanguage":"cs"},{"@type":"Organization","@id":"https:\/\/voh-kultour.de\/cs\/#organization","name":"Vohenstrau\u00df Kultour","url":"https:\/\/voh-kultour.de\/cs\/","logo":{"@type":"ImageObject","inLanguage":"cs","@id":"https:\/\/voh-kultour.de\/cs\/#\/schema\/logo\/image\/","url":"https:\/\/voh-kultour.de\/wp-content\/uploads\/2024\/08\/logo_vohenstrauss.png","contentUrl":"https:\/\/voh-kultour.de\/wp-content\/uploads\/2024\/08\/logo_vohenstrauss.png","width":358,"height":110,"caption":"Vohenstrau\u00df Kultour"},"image":{"@id":"https:\/\/voh-kultour.de\/cs\/#\/schema\/logo\/image\/"}}]}},"_links":{"self":[{"href":"https:\/\/voh-kultour.de\/cs\/wp-json\/wp\/v2\/pages\/807","targetHints":{"allow":["GET"]}}],"collection":[{"href":"https:\/\/voh-kultour.de\/cs\/wp-json\/wp\/v2\/pages"}],"about":[{"href":"https:\/\/voh-kultour.de\/cs\/wp-json\/wp\/v2\/types\/page"}],"author":[{"embeddable":true,"href":"https:\/\/voh-kultour.de\/cs\/wp-json\/wp\/v2\/users\/1"}],"replies":[{"embeddable":true,"href":"https:\/\/voh-kultour.de\/cs\/wp-json\/wp\/v2\/comments?post=807"}],"version-history":[{"count":0,"href":"https:\/\/voh-kultour.de\/cs\/wp-json\/wp\/v2\/pages\/807\/revisions"}],"wp:attachment":[{"href":"https:\/\/voh-kultour.de\/cs\/wp-json\/wp\/v2\/media?parent=807"}],"curies":[{"name":"wp","href":"https:\/\/api.w.org\/{rel}","templated":true}]}}