{"id":769,"date":"2024-09-10T11:23:52","date_gmt":"2024-09-10T11:23:52","guid":{"rendered":"https:\/\/voh-kultour.de\/photo-book\/"},"modified":"2025-04-11T12:24:24","modified_gmt":"2025-04-11T12:24:24","slug":"photo-book","status":"publish","type":"page","link":"https:\/\/voh-kultour.de\/en\/photo-book\/","title":{"rendered":"Photo book"},"content":{"rendered":"\t\t<div data-elementor-type=\"wp-page\" data-elementor-id=\"769\" class=\"elementor elementor-769 elementor-536\" data-elementor-post-type=\"page\">\n\t\t\t\t<div class=\"elementor-element elementor-element-9718b3c e-flex e-con-boxed e-con e-parent\" data-id=\"9718b3c\" data-element_type=\"container\" data-e-type=\"container\">\n\t\t\t\t\t<div class=\"e-con-inner\">\n\t\t\t\t<div class=\"elementor-element elementor-element-794409f elementor-widget elementor-widget-image\" data-id=\"794409f\" data-element_type=\"widget\" data-e-type=\"widget\" data-widget_type=\"image.default\">\n\t\t\t\t<div class=\"elementor-widget-container\">\n\t\t\t\t\t\t\t\t\t\t\t\t\t\t\t<img fetchpriority=\"high\" decoding=\"async\" width=\"800\" height=\"355\" src=\"https:\/\/voh-kultour.de\/wp-content\/uploads\/2024\/09\/mockup_Buch2-1024x455.webp\" class=\"attachment-large size-large wp-image-752\" alt=\"\" srcset=\"https:\/\/voh-kultour.de\/wp-content\/uploads\/2024\/09\/mockup_Buch2-1024x455.webp 1024w, https:\/\/voh-kultour.de\/wp-content\/uploads\/2024\/09\/mockup_Buch2-300x133.webp 300w, https:\/\/voh-kultour.de\/wp-content\/uploads\/2024\/09\/mockup_Buch2-768x342.webp 768w, https:\/\/voh-kultour.de\/wp-content\/uploads\/2024\/09\/mockup_Buch2-1536x683.webp 1536w, https:\/\/voh-kultour.de\/wp-content\/uploads\/2024\/09\/mockup_Buch2.webp 1920w\" sizes=\"(max-width: 800px) 100vw, 800px\" \/>\t\t\t\t\t\t\t\t\t\t\t\t\t\t\t<\/div>\n\t\t\t\t<\/div>\n\t\t\t\t\t<\/div>\n\t\t\t\t<\/div>\n\t\t<div class=\"elementor-element elementor-element-f6d1278 e-flex e-con-boxed e-con e-parent\" data-id=\"f6d1278\" data-element_type=\"container\" data-e-type=\"container\">\n\t\t\t\t\t<div class=\"e-con-inner\">\n\t\t<div class=\"elementor-element elementor-element-be26b76 e-con-full e-flex e-con e-child\" data-id=\"be26b76\" data-element_type=\"container\" data-e-type=\"container\">\n\t\t\t\t<div class=\"elementor-element elementor-element-cc9cb70 elementor-widget elementor-widget-heading\" data-id=\"cc9cb70\" data-element_type=\"widget\" data-e-type=\"widget\" data-widget_type=\"heading.default\">\n\t\t\t\t<div class=\"elementor-widget-container\">\n\t\t\t\t\t<h1 class=\"elementor-heading-title elementor-size-default\">The new\nanniversary photo book\n<\/h1>\t\t\t\t<\/div>\n\t\t\t\t<\/div>\n\t\t\t\t<div class=\"elementor-element elementor-element-c562b36 elementor-widget elementor-widget-heading\" data-id=\"c562b36\" data-element_type=\"widget\" data-e-type=\"widget\" data-widget_type=\"heading.default\">\n\t\t\t\t<div class=\"elementor-widget-container\">\n\t\t\t\t\t<h2 class=\"elementor-heading-title elementor-size-default\">City of Vohenstrau\u00df<\/h2>\t\t\t\t<\/div>\n\t\t\t\t<\/div>\n\t\t\t\t<div class=\"elementor-element elementor-element-a7ccb55 elementor-widget elementor-widget-spacer\" data-id=\"a7ccb55\" data-element_type=\"widget\" data-e-type=\"widget\" data-widget_type=\"spacer.default\">\n\t\t\t\t<div class=\"elementor-widget-container\">\n\t\t\t\t\t\t\t<div class=\"elementor-spacer\">\n\t\t\t<div class=\"elementor-spacer-inner\"><\/div>\n\t\t<\/div>\n\t\t\t\t\t\t<\/div>\n\t\t\t\t<\/div>\n\t\t\t\t<div class=\"elementor-element elementor-element-f9044d3 elementor-widget__width-initial elementor-widget elementor-widget-text-editor\" data-id=\"f9044d3\" data-element_type=\"widget\" data-e-type=\"widget\" data-widget_type=\"text-editor.default\">\n\t\t\t\t<div class=\"elementor-widget-container\">\n\t\t\t\t\t\t\t\t\t<p>To mark the &#8220;<strong>900 years of Vohenstrau\u00df<\/strong>&#8221; anniversary, the town is presenting the new anniversary photo book, which offers a unique look back at the history of the town of Vohenstrau\u00df. <span style=\"text-align: var(--text-align);\">Experience Vohenstrau\u00df from a farming community to a medium-sized urban center and take a look at various buildings and streets through the ages.<\/span><\/p><p>With selected images from the town archive and the commitment of an expert team, a collection has been created that documents the various developments of the town of Vohenstrau\u00df.<br><span style=\"text-align: var(--text-align);\">Each image tells its own story and captures the changes and progress over the years.<\/span><\/p><p>The anniversary photo book is available for \u20ac19.90 from the <strong>Vohenstrau\u00df town treasury<\/strong> and the <strong>Rupprecht bookshop<\/strong>.<\/p>\t\t\t\t\t\t\t\t<\/div>\n\t\t\t\t<\/div>\n\t\t\t\t<\/div>\n\t\t\t\t\t<\/div>\n\t\t\t\t<\/div>\n\t\t\t\t<\/div>\n\t\t","protected":false},"excerpt":{"rendered":"<p>The new anniversary photo book City of Vohenstrau\u00df To mark the &#8220;900 years of Vohenstrau\u00df&#8221; anniversary, the town is presenting the new anniversary photo book, which offers a unique look back at the history of the town of Vohenstrau\u00df. Experience Vohenstrau\u00df from a farming community to a medium-sized urban center and take a look at [&hellip;]<\/p>\n","protected":false},"author":1,"featured_media":0,"parent":0,"menu_order":0,"comment_status":"closed","ping_status":"closed","template":"","meta":{"_acf_changed":false,"footnotes":""},"class_list":["post-769","page","type-page","status-publish","hentry"],"acf":[],"yoast_head":"<!-- This site is optimized with the Yoast SEO plugin v27.2 - https:\/\/yoast.com\/product\/yoast-seo-wordpress\/ -->\n<title>Vohenstrau\u00df Kultour - Photo book<\/title>\n<meta name=\"robots\" content=\"index, follow, max-snippet:-1, max-image-preview:large, max-video-preview:-1\" \/>\n<link rel=\"canonical\" href=\"https:\/\/voh-kultour.de\/en\/photo-book\/\" \/>\n<meta property=\"og:locale\" content=\"en_US\" \/>\n<meta property=\"og:type\" content=\"article\" \/>\n<meta property=\"og:title\" content=\"Vohenstrau\u00df Kultour - Photo book\" \/>\n<meta property=\"og:description\" content=\"The new anniversary photo book City of Vohenstrau\u00df To mark the &#8220;900 years of Vohenstrau\u00df&#8221; anniversary, the town is presenting the new anniversary photo book, which offers a unique look back at the history of the town of Vohenstrau\u00df. Experience Vohenstrau\u00df from a farming community to a medium-sized urban center and take a look at [&hellip;]\" \/>\n<meta property=\"og:url\" content=\"https:\/\/voh-kultour.de\/en\/photo-book\/\" \/>\n<meta property=\"og:site_name\" content=\"Vohenstrau\u00df Kultour\" \/>\n<meta property=\"article:modified_time\" content=\"2025-04-11T12:24:24+00:00\" \/>\n<meta property=\"og:image\" content=\"https:\/\/voh-kultour.de\/wp-content\/uploads\/2024\/09\/mockup_Buch2-1024x455.webp\" \/>\n<meta name=\"twitter:card\" content=\"summary_large_image\" \/>\n<meta name=\"twitter:label1\" content=\"Est. reading time\" \/>\n\t<meta name=\"twitter:data1\" content=\"1 minute\" \/>\n<script type=\"application\/ld+json\" class=\"yoast-schema-graph\">{\"@context\":\"https:\/\/schema.org\",\"@graph\":[{\"@type\":\"WebPage\",\"@id\":\"https:\/\/voh-kultour.de\/en\/photo-book\/\",\"url\":\"https:\/\/voh-kultour.de\/en\/photo-book\/\",\"name\":\"Vohenstrau\u00df Kultour - Photo book\",\"isPartOf\":{\"@id\":\"https:\/\/voh-kultour.de\/en\/#website\"},\"primaryImageOfPage\":{\"@id\":\"https:\/\/voh-kultour.de\/en\/photo-book\/#primaryimage\"},\"image\":{\"@id\":\"https:\/\/voh-kultour.de\/en\/photo-book\/#primaryimage\"},\"thumbnailUrl\":\"https:\/\/voh-kultour.de\/wp-content\/uploads\/2024\/09\/mockup_Buch2-1024x455.webp\",\"datePublished\":\"2024-09-10T11:23:52+00:00\",\"dateModified\":\"2025-04-11T12:24:24+00:00\",\"breadcrumb\":{\"@id\":\"https:\/\/voh-kultour.de\/en\/photo-book\/#breadcrumb\"},\"inLanguage\":\"en-US\",\"potentialAction\":[{\"@type\":\"ReadAction\",\"target\":[\"https:\/\/voh-kultour.de\/en\/photo-book\/\"]}]},{\"@type\":\"ImageObject\",\"inLanguage\":\"en-US\",\"@id\":\"https:\/\/voh-kultour.de\/en\/photo-book\/#primaryimage\",\"url\":\"https:\/\/voh-kultour.de\/wp-content\/uploads\/2024\/09\/mockup_Buch2-1024x455.webp\",\"contentUrl\":\"https:\/\/voh-kultour.de\/wp-content\/uploads\/2024\/09\/mockup_Buch2-1024x455.webp\"},{\"@type\":\"BreadcrumbList\",\"@id\":\"https:\/\/voh-kultour.de\/en\/photo-book\/#breadcrumb\",\"itemListElement\":[{\"@type\":\"ListItem\",\"position\":1,\"name\":\"Home page\",\"item\":\"https:\/\/voh-kultour.de\/en\/\"},{\"@type\":\"ListItem\",\"position\":2,\"name\":\"Photo book\"}]},{\"@type\":\"WebSite\",\"@id\":\"https:\/\/voh-kultour.de\/en\/#website\",\"url\":\"https:\/\/voh-kultour.de\/en\/\",\"name\":\"Vohenstrau\u00df Kultour\",\"description\":\"\",\"publisher\":{\"@id\":\"https:\/\/voh-kultour.de\/en\/#organization\"},\"potentialAction\":[{\"@type\":\"SearchAction\",\"target\":{\"@type\":\"EntryPoint\",\"urlTemplate\":\"https:\/\/voh-kultour.de\/en\/?s={search_term_string}\"},\"query-input\":{\"@type\":\"PropertyValueSpecification\",\"valueRequired\":true,\"valueName\":\"search_term_string\"}}],\"inLanguage\":\"en-US\"},{\"@type\":\"Organization\",\"@id\":\"https:\/\/voh-kultour.de\/en\/#organization\",\"name\":\"Vohenstrau\u00df Kultour\",\"url\":\"https:\/\/voh-kultour.de\/en\/\",\"logo\":{\"@type\":\"ImageObject\",\"inLanguage\":\"en-US\",\"@id\":\"https:\/\/voh-kultour.de\/en\/#\/schema\/logo\/image\/\",\"url\":\"https:\/\/voh-kultour.de\/wp-content\/uploads\/2024\/08\/logo_vohenstrauss.png\",\"contentUrl\":\"https:\/\/voh-kultour.de\/wp-content\/uploads\/2024\/08\/logo_vohenstrauss.png\",\"width\":358,\"height\":110,\"caption\":\"Vohenstrau\u00df Kultour\"},\"image\":{\"@id\":\"https:\/\/voh-kultour.de\/en\/#\/schema\/logo\/image\/\"}}]}<\/script>\n<!-- \/ Yoast SEO plugin. -->","yoast_head_json":{"title":"Vohenstrau\u00df Kultour - Photo book","robots":{"index":"index","follow":"follow","max-snippet":"max-snippet:-1","max-image-preview":"max-image-preview:large","max-video-preview":"max-video-preview:-1"},"canonical":"https:\/\/voh-kultour.de\/en\/photo-book\/","og_locale":"en_US","og_type":"article","og_title":"Vohenstrau\u00df Kultour - Photo book","og_description":"The new anniversary photo book City of Vohenstrau\u00df To mark the &#8220;900 years of Vohenstrau\u00df&#8221; anniversary, the town is presenting the new anniversary photo book, which offers a unique look back at the history of the town of Vohenstrau\u00df. Experience Vohenstrau\u00df from a farming community to a medium-sized urban center and take a look at [&hellip;]","og_url":"https:\/\/voh-kultour.de\/en\/photo-book\/","og_site_name":"Vohenstrau\u00df Kultour","article_modified_time":"2025-04-11T12:24:24+00:00","og_image":[{"url":"https:\/\/voh-kultour.de\/wp-content\/uploads\/2024\/09\/mockup_Buch2-1024x455.webp","type":"","width":"","height":""}],"twitter_card":"summary_large_image","twitter_misc":{"Est. reading time":"1 minute"},"schema":{"@context":"https:\/\/schema.org","@graph":[{"@type":"WebPage","@id":"https:\/\/voh-kultour.de\/en\/photo-book\/","url":"https:\/\/voh-kultour.de\/en\/photo-book\/","name":"Vohenstrau\u00df Kultour - Photo book","isPartOf":{"@id":"https:\/\/voh-kultour.de\/en\/#website"},"primaryImageOfPage":{"@id":"https:\/\/voh-kultour.de\/en\/photo-book\/#primaryimage"},"image":{"@id":"https:\/\/voh-kultour.de\/en\/photo-book\/#primaryimage"},"thumbnailUrl":"https:\/\/voh-kultour.de\/wp-content\/uploads\/2024\/09\/mockup_Buch2-1024x455.webp","datePublished":"2024-09-10T11:23:52+00:00","dateModified":"2025-04-11T12:24:24+00:00","breadcrumb":{"@id":"https:\/\/voh-kultour.de\/en\/photo-book\/#breadcrumb"},"inLanguage":"en-US","potentialAction":[{"@type":"ReadAction","target":["https:\/\/voh-kultour.de\/en\/photo-book\/"]}]},{"@type":"ImageObject","inLanguage":"en-US","@id":"https:\/\/voh-kultour.de\/en\/photo-book\/#primaryimage","url":"https:\/\/voh-kultour.de\/wp-content\/uploads\/2024\/09\/mockup_Buch2-1024x455.webp","contentUrl":"https:\/\/voh-kultour.de\/wp-content\/uploads\/2024\/09\/mockup_Buch2-1024x455.webp"},{"@type":"BreadcrumbList","@id":"https:\/\/voh-kultour.de\/en\/photo-book\/#breadcrumb","itemListElement":[{"@type":"ListItem","position":1,"name":"Home page","item":"https:\/\/voh-kultour.de\/en\/"},{"@type":"ListItem","position":2,"name":"Photo book"}]},{"@type":"WebSite","@id":"https:\/\/voh-kultour.de\/en\/#website","url":"https:\/\/voh-kultour.de\/en\/","name":"Vohenstrau\u00df Kultour","description":"","publisher":{"@id":"https:\/\/voh-kultour.de\/en\/#organization"},"potentialAction":[{"@type":"SearchAction","target":{"@type":"EntryPoint","urlTemplate":"https:\/\/voh-kultour.de\/en\/?s={search_term_string}"},"query-input":{"@type":"PropertyValueSpecification","valueRequired":true,"valueName":"search_term_string"}}],"inLanguage":"en-US"},{"@type":"Organization","@id":"https:\/\/voh-kultour.de\/en\/#organization","name":"Vohenstrau\u00df Kultour","url":"https:\/\/voh-kultour.de\/en\/","logo":{"@type":"ImageObject","inLanguage":"en-US","@id":"https:\/\/voh-kultour.de\/en\/#\/schema\/logo\/image\/","url":"https:\/\/voh-kultour.de\/wp-content\/uploads\/2024\/08\/logo_vohenstrauss.png","contentUrl":"https:\/\/voh-kultour.de\/wp-content\/uploads\/2024\/08\/logo_vohenstrauss.png","width":358,"height":110,"caption":"Vohenstrau\u00df Kultour"},"image":{"@id":"https:\/\/voh-kultour.de\/en\/#\/schema\/logo\/image\/"}}]}},"_links":{"self":[{"href":"https:\/\/voh-kultour.de\/en\/wp-json\/wp\/v2\/pages\/769","targetHints":{"allow":["GET"]}}],"collection":[{"href":"https:\/\/voh-kultour.de\/en\/wp-json\/wp\/v2\/pages"}],"about":[{"href":"https:\/\/voh-kultour.de\/en\/wp-json\/wp\/v2\/types\/page"}],"author":[{"embeddable":true,"href":"https:\/\/voh-kultour.de\/en\/wp-json\/wp\/v2\/users\/1"}],"replies":[{"embeddable":true,"href":"https:\/\/voh-kultour.de\/en\/wp-json\/wp\/v2\/comments?post=769"}],"version-history":[{"count":0,"href":"https:\/\/voh-kultour.de\/en\/wp-json\/wp\/v2\/pages\/769\/revisions"}],"wp:attachment":[{"href":"https:\/\/voh-kultour.de\/en\/wp-json\/wp\/v2\/media?parent=769"}],"curies":[{"name":"wp","href":"https:\/\/api.w.org\/{rel}","templated":true}]}}