{"id":779,"date":"2024-09-06T10:06:55","date_gmt":"2024-09-06T10:06:55","guid":{"rendered":"https:\/\/voh-kultour.de\/data-protection\/"},"modified":"2025-04-11T12:24:28","modified_gmt":"2025-04-11T12:24:28","slug":"data-protection","status":"publish","type":"page","link":"https:\/\/voh-kultour.de\/en\/data-protection\/","title":{"rendered":"Data protection"},"content":{"rendered":"\t\t<div data-elementor-type=\"wp-page\" data-elementor-id=\"779\" class=\"elementor elementor-779 elementor-434\" data-elementor-post-type=\"page\">\n\t\t\t\t<div class=\"elementor-element elementor-element-f6c2205 e-flex e-con-boxed e-con e-parent\" data-id=\"f6c2205\" data-element_type=\"container\" data-e-type=\"container\">\n\t\t\t\t\t<div class=\"e-con-inner\">\n\t\t<div class=\"elementor-element elementor-element-83368f8 e-con-full e-flex e-con e-child\" data-id=\"83368f8\" data-element_type=\"container\" data-e-type=\"container\">\n\t\t\t\t<div class=\"elementor-element elementor-element-59eb365 elementor-widget elementor-widget-heading\" data-id=\"59eb365\" data-element_type=\"widget\" data-e-type=\"widget\" data-widget_type=\"heading.default\">\n\t\t\t\t<div class=\"elementor-widget-container\">\n\t\t\t\t\t<h1 class=\"elementor-heading-title elementor-size-default\">Privacy policy<\/h1>\t\t\t\t<\/div>\n\t\t\t\t<\/div>\n\t\t\t\t<div class=\"elementor-element elementor-element-ac5f3ce elementor-widget elementor-widget-spacer\" data-id=\"ac5f3ce\" data-element_type=\"widget\" data-e-type=\"widget\" data-widget_type=\"spacer.default\">\n\t\t\t\t<div class=\"elementor-widget-container\">\n\t\t\t\t\t\t\t<div class=\"elementor-spacer\">\n\t\t\t<div class=\"elementor-spacer-inner\"><\/div>\n\t\t<\/div>\n\t\t\t\t\t\t<\/div>\n\t\t\t\t<\/div>\n\t\t\t\t<div class=\"elementor-element elementor-element-0bf7e5d elementor-widget elementor-widget-text-editor\" data-id=\"0bf7e5d\" data-element_type=\"widget\" data-e-type=\"widget\" data-widget_type=\"text-editor.default\">\n\t\t\t\t<div class=\"elementor-widget-container\">\n\t\t\t\t\t\t\t\t\t<p>The town of Vohenstrauss operates the municipal website under the domain vohenstrauss.de.<\/p><p>The town of Vohenstrau\u00df attaches great importance to the protection of privacy and observes the statutory data protection regulations. In the following, we would like to explain how we handle your personal data. <\/p><p>Bavarian Data Protection Act<\/p><p>As a public body, we are subject to the provisions of the Bavarian Data Protection Act (BayDSG). We have taken technical and organizational measures to protect your rights and have also ensured that the data protection regulations are observed by external service providers who work on this website. Your data may only be processed to the extent permitted by special laws or with your consent.  <\/p><p>1. handling of personal data<\/p><p>Personal data is information about your identity. This includes, for example, information such as your real name, address or telephone number. <\/p><p>1.1 When and for what purpose does the town of Vohenstrau\u00df collect personal data?<\/p><p>In principle, the municipal website is available to all users without any personal data being collected. However, you will be asked for your personal data if you wish to register for one of our personalized services (e.g. ordering information material or entering events in the online event calendar): Ordering information materials or for entering events in the online events calendar). We only use your personal data to give you access to our services that require registration or to provide services and, if necessary, to bill you for them. Your personal data will only be requested, processed and used to the extent required for the purpose of the contract. The data will be deleted when it is no longer required for the fulfillment of the respective task.    <\/p><p>1.2 Transfer of personal data by e-mail<\/p><p>If you send an e-mail to a Vohenstrau\u00df town office, your e-mail address will only be used for correspondence with you. We would like to point out that data transmission via the Internet is unsecured and that the transmitted data can therefore be read or falsified by unauthorized persons. The town of Vohenstrau\u00df does not currently use any encryption technology.  <\/p><p>1.3 Transfer of personal data using forms<\/p><p>In principle, the following applies: Any personal data collected via forms will not be passed on to third parties and will only be used for the purpose of processing your transaction, unless users are expressly informed of this again when a function is called up. The above-mentioned restriction on the transfer of data to third parties does not apply if the town of Vohenstrau\u00df is legally obliged to pass on the collected data A distinction must be made between the following variants of the form services offered on the Vohenstrau\u00df town website: <\/p><p>Simple online forms without database connection<\/p><p>These forms can be sent directly by clicking on &#8220;Send&#8221; after completing them on screen. If you use these services, the same conditions apply as explained above for &#8220;e-mail&#8221;: Data transmission via the Internet is unsecured, the data you enter reaches the recipient via the e-mail protocol and can therefore be read or possibly falsified by unauthorized persons. <\/p><p>Input into database-supported forms<\/p><p>In applications such as the event database, the contact details of organizers wishing to register are collected online and stored directly in a database upon confirmation. The data transfer of entries in database-supported forms via the Internet is unsecured, which means that the data you enter can be viewed or possibly falsified by unauthorized persons. <\/p><p>Download and use of PDF forms<\/p><p>The city of Vohenstrau\u00df offers all other electronic forms in which personal data worthy of protection must be entered in PDF format. These forms cannot and must not be sent via the Internet, but must be printed out, signed personally and forwarded to the processing department. <\/p><p> <\/p><p>2. disclaimer<\/p><p>The information provided by the town of Vohenstrau\u00df contains cross-references (&#8220;links&#8221;) to other websites. Through the cross-reference, the town of Vohenstrau\u00df provides access to the use of this content (\u00a7 9 of the Teleservices Act). It is not responsible for this &#8220;external&#8221; content, as it does not initiate the transmission of the information, does not select the addressee of the transmitted information and has not selected or changed the transmitted information. Due to the selected access and linking method, the town of Vohenstrau\u00df does not automatically store this &#8220;external information&#8221; temporarily, so that the town of Vohenstrau\u00df is not responsible for this external content. The town of Vohenstrau\u00df expressly points out that linked external homepages generally have their own data protection regulations, over which the town of Vohenstrau\u00df has no influence. Any liability and responsibility for the data protection regulations of these homepages is therefore excluded. Entries are non-binding and subject to revocation. There is no entitlement to an entry.       <\/p><p> <\/p><p>3. commitment of municipal employees to data protection<\/p><p>The employees of the City of Vohenstrau\u00df are obliged to maintain confidentiality and to comply with the relevant statutory provisions of data protection law.<\/p><p> <\/p><p>4. change to our privacy policy<\/p><p>The city of Vohenstrau\u00df has the right to change this data protection declaration at any time in compliance with the applicable statutory data protection regulations.<\/p><p> <\/p><p>5. if you have any questions about data protection, please contact the data protection officer:<\/p><p> <\/p><p>City of Vohenstrau\u00df<br>Data Protection Officer<br>Thomas Herrmann<br>Marktplatz 9<br>92648 Vohenstrau\u00df<\/p><p>E-mail: <a class=\"mail\" title=\"mailto\" href=\"https:\/\/www.vohenstrauss.de\/rechtliches\/datenschutz#\" data-mailto-token=\"ocknvq,vjgttocppBxqjgpuvtcwuu0fg\" data-mailto-vector=\"2\">therrmann@vohenstrauss.de<\/a><br>Phone: 09651 922234<br>Fax: 09651 922241<\/p><p> <\/p><p>Bavarian State Commissioner for Data Protection<\/p><p>In accordance with Art. 30 BayDSG, the Bavarian State Commissioner for Data Protection is responsible for monitoring compliance with data protection regulations at the public bodies of the Free State of Bavaria and also at the town of Vohenstrau\u00df.<\/p><p> <\/p><p>Bavarian State Commissioner for Data Protection<br>Dr. Thomas Petri<br>Wagm\u00fcllerstra\u00dfe 18<br>80538 Munich<\/p><p>Phone: 089 212672 &#8211; 0<br>Fax: 089 212672 &#8211; 50<br>E-mail: <a href=\"https:\/\/www.vohenstrauss.de\/rechtliches\/datenschutz#\" data-mailto-token=\"ocknvq,rquvuvgnngBfcvgpuejwvb\/dcagtp0fg\" data-mailto-vector=\"2\">poststelle@datenschutz-bayern.de<\/a><br>Internet: <a class=\"external-link-new-window\" title=\"Opens external link in new window\" href=\"http:\/\/www.datenschutz-bayern.de\/\" target=\"_blank\" rel=\"noopener noreferrer\">www.datenschutz-bayern.de<\/a><\/p>\t\t\t\t\t\t\t\t<\/div>\n\t\t\t\t<\/div>\n\t\t\t\t<\/div>\n\t\t\t\t\t<\/div>\n\t\t\t\t<\/div>\n\t\t\t\t<\/div>\n\t\t","protected":false},"excerpt":{"rendered":"<p>Privacy policy The town of Vohenstrauss operates the municipal website under the domain vohenstrauss.de. The town of Vohenstrau\u00df attaches great importance to the protection of privacy and observes the statutory data protection regulations. In the following, we would like to explain how we handle your personal data. Bavarian Data Protection Act As a public body, [&hellip;]<\/p>\n","protected":false},"author":1,"featured_media":0,"parent":0,"menu_order":0,"comment_status":"closed","ping_status":"closed","template":"","meta":{"_acf_changed":false,"footnotes":""},"class_list":["post-779","page","type-page","status-publish","hentry"],"acf":[],"yoast_head":"<!-- This site is optimized with the Yoast SEO plugin v27.2 - https:\/\/yoast.com\/product\/yoast-seo-wordpress\/ -->\n<title>Vohenstrau\u00df Kultour - Data protection<\/title>\n<meta name=\"robots\" content=\"index, follow, max-snippet:-1, max-image-preview:large, max-video-preview:-1\" \/>\n<link rel=\"canonical\" href=\"https:\/\/voh-kultour.de\/en\/data-protection\/\" \/>\n<meta property=\"og:locale\" content=\"en_US\" \/>\n<meta property=\"og:type\" content=\"article\" \/>\n<meta property=\"og:title\" content=\"Vohenstrau\u00df Kultour - Data protection\" \/>\n<meta property=\"og:description\" content=\"Privacy policy The town of Vohenstrauss operates the municipal website under the domain vohenstrauss.de. The town of Vohenstrau\u00df attaches great importance to the protection of privacy and observes the statutory data protection regulations. In the following, we would like to explain how we handle your personal data. Bavarian Data Protection Act As a public body, [&hellip;]\" \/>\n<meta property=\"og:url\" content=\"https:\/\/voh-kultour.de\/en\/data-protection\/\" \/>\n<meta property=\"og:site_name\" content=\"Vohenstrau\u00df Kultour\" \/>\n<meta property=\"article:modified_time\" content=\"2025-04-11T12:24:28+00:00\" \/>\n<meta property=\"og:image\" content=\"https:\/\/voh-kultour.de\/wp-content\/uploads\/2024\/08\/logo_vohenstrauss.png\" \/>\n\t<meta property=\"og:image:width\" content=\"358\" \/>\n\t<meta property=\"og:image:height\" content=\"110\" \/>\n\t<meta property=\"og:image:type\" content=\"image\/png\" \/>\n<meta name=\"twitter:card\" content=\"summary_large_image\" \/>\n<meta name=\"twitter:label1\" content=\"Est. reading time\" \/>\n\t<meta name=\"twitter:data1\" content=\"5 minutes\" \/>\n<script type=\"application\/ld+json\" class=\"yoast-schema-graph\">{\"@context\":\"https:\/\/schema.org\",\"@graph\":[{\"@type\":\"WebPage\",\"@id\":\"https:\/\/voh-kultour.de\/en\/data-protection\/\",\"url\":\"https:\/\/voh-kultour.de\/en\/data-protection\/\",\"name\":\"Vohenstrau\u00df Kultour - Data protection\",\"isPartOf\":{\"@id\":\"https:\/\/voh-kultour.de\/en\/#website\"},\"datePublished\":\"2024-09-06T10:06:55+00:00\",\"dateModified\":\"2025-04-11T12:24:28+00:00\",\"breadcrumb\":{\"@id\":\"https:\/\/voh-kultour.de\/en\/data-protection\/#breadcrumb\"},\"inLanguage\":\"en-US\",\"potentialAction\":[{\"@type\":\"ReadAction\",\"target\":[\"https:\/\/voh-kultour.de\/en\/data-protection\/\"]}]},{\"@type\":\"BreadcrumbList\",\"@id\":\"https:\/\/voh-kultour.de\/en\/data-protection\/#breadcrumb\",\"itemListElement\":[{\"@type\":\"ListItem\",\"position\":1,\"name\":\"Home page\",\"item\":\"https:\/\/voh-kultour.de\/en\/\"},{\"@type\":\"ListItem\",\"position\":2,\"name\":\"Data protection\"}]},{\"@type\":\"WebSite\",\"@id\":\"https:\/\/voh-kultour.de\/en\/#website\",\"url\":\"https:\/\/voh-kultour.de\/en\/\",\"name\":\"Vohenstrau\u00df Kultour\",\"description\":\"\",\"publisher\":{\"@id\":\"https:\/\/voh-kultour.de\/en\/#organization\"},\"potentialAction\":[{\"@type\":\"SearchAction\",\"target\":{\"@type\":\"EntryPoint\",\"urlTemplate\":\"https:\/\/voh-kultour.de\/en\/?s={search_term_string}\"},\"query-input\":{\"@type\":\"PropertyValueSpecification\",\"valueRequired\":true,\"valueName\":\"search_term_string\"}}],\"inLanguage\":\"en-US\"},{\"@type\":\"Organization\",\"@id\":\"https:\/\/voh-kultour.de\/en\/#organization\",\"name\":\"Vohenstrau\u00df Kultour\",\"url\":\"https:\/\/voh-kultour.de\/en\/\",\"logo\":{\"@type\":\"ImageObject\",\"inLanguage\":\"en-US\",\"@id\":\"https:\/\/voh-kultour.de\/en\/#\/schema\/logo\/image\/\",\"url\":\"https:\/\/voh-kultour.de\/wp-content\/uploads\/2024\/08\/logo_vohenstrauss.png\",\"contentUrl\":\"https:\/\/voh-kultour.de\/wp-content\/uploads\/2024\/08\/logo_vohenstrauss.png\",\"width\":358,\"height\":110,\"caption\":\"Vohenstrau\u00df Kultour\"},\"image\":{\"@id\":\"https:\/\/voh-kultour.de\/en\/#\/schema\/logo\/image\/\"}}]}<\/script>\n<!-- \/ Yoast SEO plugin. -->","yoast_head_json":{"title":"Vohenstrau\u00df Kultour - Data protection","robots":{"index":"index","follow":"follow","max-snippet":"max-snippet:-1","max-image-preview":"max-image-preview:large","max-video-preview":"max-video-preview:-1"},"canonical":"https:\/\/voh-kultour.de\/en\/data-protection\/","og_locale":"en_US","og_type":"article","og_title":"Vohenstrau\u00df Kultour - Data protection","og_description":"Privacy policy The town of Vohenstrauss operates the municipal website under the domain vohenstrauss.de. The town of Vohenstrau\u00df attaches great importance to the protection of privacy and observes the statutory data protection regulations. In the following, we would like to explain how we handle your personal data. Bavarian Data Protection Act As a public body, [&hellip;]","og_url":"https:\/\/voh-kultour.de\/en\/data-protection\/","og_site_name":"Vohenstrau\u00df Kultour","article_modified_time":"2025-04-11T12:24:28+00:00","og_image":[{"width":358,"height":110,"url":"https:\/\/voh-kultour.de\/wp-content\/uploads\/2024\/08\/logo_vohenstrauss.png","type":"image\/png"}],"twitter_card":"summary_large_image","twitter_misc":{"Est. reading time":"5 minutes"},"schema":{"@context":"https:\/\/schema.org","@graph":[{"@type":"WebPage","@id":"https:\/\/voh-kultour.de\/en\/data-protection\/","url":"https:\/\/voh-kultour.de\/en\/data-protection\/","name":"Vohenstrau\u00df Kultour - Data protection","isPartOf":{"@id":"https:\/\/voh-kultour.de\/en\/#website"},"datePublished":"2024-09-06T10:06:55+00:00","dateModified":"2025-04-11T12:24:28+00:00","breadcrumb":{"@id":"https:\/\/voh-kultour.de\/en\/data-protection\/#breadcrumb"},"inLanguage":"en-US","potentialAction":[{"@type":"ReadAction","target":["https:\/\/voh-kultour.de\/en\/data-protection\/"]}]},{"@type":"BreadcrumbList","@id":"https:\/\/voh-kultour.de\/en\/data-protection\/#breadcrumb","itemListElement":[{"@type":"ListItem","position":1,"name":"Home page","item":"https:\/\/voh-kultour.de\/en\/"},{"@type":"ListItem","position":2,"name":"Data protection"}]},{"@type":"WebSite","@id":"https:\/\/voh-kultour.de\/en\/#website","url":"https:\/\/voh-kultour.de\/en\/","name":"Vohenstrau\u00df Kultour","description":"","publisher":{"@id":"https:\/\/voh-kultour.de\/en\/#organization"},"potentialAction":[{"@type":"SearchAction","target":{"@type":"EntryPoint","urlTemplate":"https:\/\/voh-kultour.de\/en\/?s={search_term_string}"},"query-input":{"@type":"PropertyValueSpecification","valueRequired":true,"valueName":"search_term_string"}}],"inLanguage":"en-US"},{"@type":"Organization","@id":"https:\/\/voh-kultour.de\/en\/#organization","name":"Vohenstrau\u00df Kultour","url":"https:\/\/voh-kultour.de\/en\/","logo":{"@type":"ImageObject","inLanguage":"en-US","@id":"https:\/\/voh-kultour.de\/en\/#\/schema\/logo\/image\/","url":"https:\/\/voh-kultour.de\/wp-content\/uploads\/2024\/08\/logo_vohenstrauss.png","contentUrl":"https:\/\/voh-kultour.de\/wp-content\/uploads\/2024\/08\/logo_vohenstrauss.png","width":358,"height":110,"caption":"Vohenstrau\u00df Kultour"},"image":{"@id":"https:\/\/voh-kultour.de\/en\/#\/schema\/logo\/image\/"}}]}},"_links":{"self":[{"href":"https:\/\/voh-kultour.de\/en\/wp-json\/wp\/v2\/pages\/779","targetHints":{"allow":["GET"]}}],"collection":[{"href":"https:\/\/voh-kultour.de\/en\/wp-json\/wp\/v2\/pages"}],"about":[{"href":"https:\/\/voh-kultour.de\/en\/wp-json\/wp\/v2\/types\/page"}],"author":[{"embeddable":true,"href":"https:\/\/voh-kultour.de\/en\/wp-json\/wp\/v2\/users\/1"}],"replies":[{"embeddable":true,"href":"https:\/\/voh-kultour.de\/en\/wp-json\/wp\/v2\/comments?post=779"}],"version-history":[{"count":0,"href":"https:\/\/voh-kultour.de\/en\/wp-json\/wp\/v2\/pages\/779\/revisions"}],"wp:attachment":[{"href":"https:\/\/voh-kultour.de\/en\/wp-json\/wp\/v2\/media?parent=779"}],"curies":[{"name":"wp","href":"https:\/\/api.w.org\/{rel}","templated":true}]}}